{"id":2460,"date":"2025-05-08T21:00:29","date_gmt":"2025-05-09T00:00:29","guid":{"rendered":"https:\/\/portfolio.360br.com.br\/zummo_2025\/?post_type=product&#038;p=2460"},"modified":"2025-05-09T15:32:58","modified_gmt":"2025-05-09T18:32:58","slug":"z40-nature-ss-plus","status":"publish","type":"product","link":"https:\/\/portfolio.360br.com.br\/zummo_2025\/produto\/z40-nature-ss-plus\/","title":{"rendered":"Z40 Nature SS Plus"},"content":{"rendered":"","protected":false},"excerpt":{"rendered":"<p>O modelo Z40 Nature \u00e9 o espremedor com alto \u00edndice de custo x benef\u00edcio, perfeito para atender as necessidades de alta produ\u00e7\u00e3o.<br \/>\nCom sua capacidade de espremer em grande quantidade, 40 frutas por minuto, o que proporciona um volume aproximado de 210 litros\/hora, a Z40 foi cuidadosamente desenvolvida para atender a todos estes estabelecimentos que exigem alta demanda para produ\u00e7\u00e3o de suco e com curto espa\u00e7o de tempo.<br \/>\nCom seu cesto abastecedor de frutas com grande capacidade, permite autonomia para grandes volumes.<\/p>\n","protected":false},"featured_media":2462,"comment_status":"open","ping_status":"closed","template":"","meta":{"_joinchat":[]},"product_brand":[],"product_cat":[19],"product_tag":[],"class_list":{"0":"post-2460","1":"product","2":"type-product","3":"status-publish","4":"has-post-thumbnail","6":"product_cat-espremedores","8":"first","9":"instock","10":"shipping-taxable","11":"purchasable","12":"product-type-variable"},"yoast_head":"<!-- This site is optimized with the Yoast SEO plugin v27.4 - https:\/\/yoast.com\/product\/yoast-seo-wordpress\/ -->\n<title>Z40 Nature SS Plus &#187; Zummo<\/title>\n<meta name=\"robots\" content=\"index, follow, max-snippet:-1, max-image-preview:large, max-video-preview:-1\" \/>\n<link rel=\"canonical\" href=\"https:\/\/portfolio.360br.com.br\/zummo_2025\/produto\/z40-nature-ss-plus\/\" \/>\n<meta property=\"og:locale\" content=\"pt_BR\" \/>\n<meta property=\"og:type\" content=\"article\" \/>\n<meta property=\"og:title\" content=\"Z40 Nature SS Plus &#187; Zummo\" \/>\n<meta property=\"og:description\" content=\"O modelo Z40 Nature \u00e9 o espremedor com alto \u00edndice de custo x benef\u00edcio, perfeito para atender as necessidades de alta produ\u00e7\u00e3o. Com sua capacidade de espremer em grande quantidade, 40 frutas por minuto, o que proporciona um volume aproximado de 210 litros\/hora, a Z40 foi cuidadosamente desenvolvida para atender a todos estes estabelecimentos que exigem alta demanda para produ\u00e7\u00e3o de suco e com curto espa\u00e7o de tempo. Com seu cesto abastecedor de frutas com grande capacidade, permite autonomia para grandes volumes.\" \/>\n<meta property=\"og:url\" content=\"https:\/\/portfolio.360br.com.br\/zummo_2025\/produto\/z40-nature-ss-plus\/\" \/>\n<meta property=\"og:site_name\" content=\"Zummo\" \/>\n<meta property=\"article:modified_time\" content=\"2025-05-09T18:32:58+00:00\" \/>\n<meta property=\"og:image\" content=\"https:\/\/portfolio.360br.com.br\/zummo_2025\/wp-content\/uploads\/2025\/05\/Z40-Nature-SS-Plus.jpg\" \/>\n\t<meta property=\"og:image:width\" content=\"600\" \/>\n\t<meta property=\"og:image:height\" content=\"600\" \/>\n\t<meta property=\"og:image:type\" content=\"image\/jpeg\" \/>\n<meta name=\"twitter:card\" content=\"summary_large_image\" \/>\n<meta name=\"twitter:label1\" content=\"Est. tempo de leitura\" \/>\n\t<meta name=\"twitter:data1\" content=\"1 minuto\" \/>\n<script type=\"application\/ld+json\" class=\"yoast-schema-graph\">{\"@context\":\"https:\\\/\\\/schema.org\",\"@graph\":[{\"@type\":\"WebPage\",\"@id\":\"https:\\\/\\\/portfolio.360br.com.br\\\/zummo_2025\\\/produto\\\/z40-nature-ss-plus\\\/\",\"url\":\"https:\\\/\\\/portfolio.360br.com.br\\\/zummo_2025\\\/produto\\\/z40-nature-ss-plus\\\/\",\"name\":\"Z40 Nature SS Plus &#187; Zummo\",\"isPartOf\":{\"@id\":\"https:\\\/\\\/portfolio.360br.com.br\\\/zummo_2025\\\/#website\"},\"primaryImageOfPage\":{\"@id\":\"https:\\\/\\\/portfolio.360br.com.br\\\/zummo_2025\\\/produto\\\/z40-nature-ss-plus\\\/#primaryimage\"},\"image\":{\"@id\":\"https:\\\/\\\/portfolio.360br.com.br\\\/zummo_2025\\\/produto\\\/z40-nature-ss-plus\\\/#primaryimage\"},\"thumbnailUrl\":\"https:\\\/\\\/portfolio.360br.com.br\\\/zummo_2025\\\/wp-content\\\/uploads\\\/2025\\\/05\\\/Z40-Nature-SS-Plus.jpg\",\"datePublished\":\"2025-05-09T00:00:29+00:00\",\"dateModified\":\"2025-05-09T18:32:58+00:00\",\"breadcrumb\":{\"@id\":\"https:\\\/\\\/portfolio.360br.com.br\\\/zummo_2025\\\/produto\\\/z40-nature-ss-plus\\\/#breadcrumb\"},\"inLanguage\":\"pt-BR\",\"potentialAction\":[{\"@type\":\"ReadAction\",\"target\":[\"https:\\\/\\\/portfolio.360br.com.br\\\/zummo_2025\\\/produto\\\/z40-nature-ss-plus\\\/\"]}]},{\"@type\":\"ImageObject\",\"inLanguage\":\"pt-BR\",\"@id\":\"https:\\\/\\\/portfolio.360br.com.br\\\/zummo_2025\\\/produto\\\/z40-nature-ss-plus\\\/#primaryimage\",\"url\":\"https:\\\/\\\/portfolio.360br.com.br\\\/zummo_2025\\\/wp-content\\\/uploads\\\/2025\\\/05\\\/Z40-Nature-SS-Plus.jpg\",\"contentUrl\":\"https:\\\/\\\/portfolio.360br.com.br\\\/zummo_2025\\\/wp-content\\\/uploads\\\/2025\\\/05\\\/Z40-Nature-SS-Plus.jpg\",\"width\":600,\"height\":600,\"caption\":\"Z40 Nature SS Plus\"},{\"@type\":\"BreadcrumbList\",\"@id\":\"https:\\\/\\\/portfolio.360br.com.br\\\/zummo_2025\\\/produto\\\/z40-nature-ss-plus\\\/#breadcrumb\",\"itemListElement\":[{\"@type\":\"ListItem\",\"position\":1,\"name\":\"Home\",\"item\":\"https:\\\/\\\/portfolio.360br.com.br\\\/zummo_2025\\\/\"},{\"@type\":\"ListItem\",\"position\":2,\"name\":\"Loja\",\"item\":\"https:\\\/\\\/portfolio.360br.com.br\\\/zummo_2025\\\/loja\\\/\"},{\"@type\":\"ListItem\",\"position\":3,\"name\":\"Espremedores\",\"item\":\"https:\\\/\\\/portfolio.360br.com.br\\\/zummo_2025\\\/categoria-produto\\\/espremedores\\\/\"},{\"@type\":\"ListItem\",\"position\":4,\"name\":\"Z40 Nature SS Plus\"}]},{\"@type\":\"WebSite\",\"@id\":\"https:\\\/\\\/portfolio.360br.com.br\\\/zummo_2025\\\/#website\",\"url\":\"https:\\\/\\\/portfolio.360br.com.br\\\/zummo_2025\\\/\",\"name\":\"Zummo\",\"description\":\"Buscamos melhorar a vida das pessoas por meio da inova\u00e7\u00e3o, qualidade e sustentabilidade. Estamos constantemente explorando novas maneiras de agregar valor ao futuro do bem-estar.\",\"publisher\":{\"@id\":\"https:\\\/\\\/portfolio.360br.com.br\\\/zummo_2025\\\/#organization\"},\"potentialAction\":[{\"@type\":\"SearchAction\",\"target\":{\"@type\":\"EntryPoint\",\"urlTemplate\":\"https:\\\/\\\/portfolio.360br.com.br\\\/zummo_2025\\\/?s={search_term_string}\"},\"query-input\":{\"@type\":\"PropertyValueSpecification\",\"valueRequired\":true,\"valueName\":\"search_term_string\"}}],\"inLanguage\":\"pt-BR\"},{\"@type\":\"Organization\",\"@id\":\"https:\\\/\\\/portfolio.360br.com.br\\\/zummo_2025\\\/#organization\",\"name\":\"Zummo\",\"url\":\"https:\\\/\\\/portfolio.360br.com.br\\\/zummo_2025\\\/\",\"logo\":{\"@type\":\"ImageObject\",\"inLanguage\":\"pt-BR\",\"@id\":\"https:\\\/\\\/portfolio.360br.com.br\\\/zummo_2025\\\/#\\\/schema\\\/logo\\\/image\\\/\",\"url\":\"https:\\\/\\\/portfolio.360br.com.br\\\/zummo_2025\\\/wp-content\\\/uploads\\\/2025\\\/04\\\/logo_zummo_menu.png\",\"contentUrl\":\"https:\\\/\\\/portfolio.360br.com.br\\\/zummo_2025\\\/wp-content\\\/uploads\\\/2025\\\/04\\\/logo_zummo_menu.png\",\"width\":390,\"height\":68,\"caption\":\"Zummo\"},\"image\":{\"@id\":\"https:\\\/\\\/portfolio.360br.com.br\\\/zummo_2025\\\/#\\\/schema\\\/logo\\\/image\\\/\"}}]}<\/script>\n<!-- \/ Yoast SEO plugin. -->","yoast_head_json":{"title":"Z40 Nature SS Plus &#187; Zummo","robots":{"index":"index","follow":"follow","max-snippet":"max-snippet:-1","max-image-preview":"max-image-preview:large","max-video-preview":"max-video-preview:-1"},"canonical":"https:\/\/portfolio.360br.com.br\/zummo_2025\/produto\/z40-nature-ss-plus\/","og_locale":"pt_BR","og_type":"article","og_title":"Z40 Nature SS Plus &#187; Zummo","og_description":"O modelo Z40 Nature \u00e9 o espremedor com alto \u00edndice de custo x benef\u00edcio, perfeito para atender as necessidades de alta produ\u00e7\u00e3o. Com sua capacidade de espremer em grande quantidade, 40 frutas por minuto, o que proporciona um volume aproximado de 210 litros\/hora, a Z40 foi cuidadosamente desenvolvida para atender a todos estes estabelecimentos que exigem alta demanda para produ\u00e7\u00e3o de suco e com curto espa\u00e7o de tempo. Com seu cesto abastecedor de frutas com grande capacidade, permite autonomia para grandes volumes.","og_url":"https:\/\/portfolio.360br.com.br\/zummo_2025\/produto\/z40-nature-ss-plus\/","og_site_name":"Zummo","article_modified_time":"2025-05-09T18:32:58+00:00","og_image":[{"width":600,"height":600,"url":"https:\/\/portfolio.360br.com.br\/zummo_2025\/wp-content\/uploads\/2025\/05\/Z40-Nature-SS-Plus.jpg","type":"image\/jpeg"}],"twitter_card":"summary_large_image","twitter_misc":{"Est. tempo de leitura":"1 minuto"},"schema":{"@context":"https:\/\/schema.org","@graph":[{"@type":"WebPage","@id":"https:\/\/portfolio.360br.com.br\/zummo_2025\/produto\/z40-nature-ss-plus\/","url":"https:\/\/portfolio.360br.com.br\/zummo_2025\/produto\/z40-nature-ss-plus\/","name":"Z40 Nature SS Plus &#187; Zummo","isPartOf":{"@id":"https:\/\/portfolio.360br.com.br\/zummo_2025\/#website"},"primaryImageOfPage":{"@id":"https:\/\/portfolio.360br.com.br\/zummo_2025\/produto\/z40-nature-ss-plus\/#primaryimage"},"image":{"@id":"https:\/\/portfolio.360br.com.br\/zummo_2025\/produto\/z40-nature-ss-plus\/#primaryimage"},"thumbnailUrl":"https:\/\/portfolio.360br.com.br\/zummo_2025\/wp-content\/uploads\/2025\/05\/Z40-Nature-SS-Plus.jpg","datePublished":"2025-05-09T00:00:29+00:00","dateModified":"2025-05-09T18:32:58+00:00","breadcrumb":{"@id":"https:\/\/portfolio.360br.com.br\/zummo_2025\/produto\/z40-nature-ss-plus\/#breadcrumb"},"inLanguage":"pt-BR","potentialAction":[{"@type":"ReadAction","target":["https:\/\/portfolio.360br.com.br\/zummo_2025\/produto\/z40-nature-ss-plus\/"]}]},{"@type":"ImageObject","inLanguage":"pt-BR","@id":"https:\/\/portfolio.360br.com.br\/zummo_2025\/produto\/z40-nature-ss-plus\/#primaryimage","url":"https:\/\/portfolio.360br.com.br\/zummo_2025\/wp-content\/uploads\/2025\/05\/Z40-Nature-SS-Plus.jpg","contentUrl":"https:\/\/portfolio.360br.com.br\/zummo_2025\/wp-content\/uploads\/2025\/05\/Z40-Nature-SS-Plus.jpg","width":600,"height":600,"caption":"Z40 Nature SS Plus"},{"@type":"BreadcrumbList","@id":"https:\/\/portfolio.360br.com.br\/zummo_2025\/produto\/z40-nature-ss-plus\/#breadcrumb","itemListElement":[{"@type":"ListItem","position":1,"name":"Home","item":"https:\/\/portfolio.360br.com.br\/zummo_2025\/"},{"@type":"ListItem","position":2,"name":"Loja","item":"https:\/\/portfolio.360br.com.br\/zummo_2025\/loja\/"},{"@type":"ListItem","position":3,"name":"Espremedores","item":"https:\/\/portfolio.360br.com.br\/zummo_2025\/categoria-produto\/espremedores\/"},{"@type":"ListItem","position":4,"name":"Z40 Nature SS Plus"}]},{"@type":"WebSite","@id":"https:\/\/portfolio.360br.com.br\/zummo_2025\/#website","url":"https:\/\/portfolio.360br.com.br\/zummo_2025\/","name":"Zummo","description":"Buscamos melhorar a vida das pessoas por meio da inova\u00e7\u00e3o, qualidade e sustentabilidade. Estamos constantemente explorando novas maneiras de agregar valor ao futuro do bem-estar.","publisher":{"@id":"https:\/\/portfolio.360br.com.br\/zummo_2025\/#organization"},"potentialAction":[{"@type":"SearchAction","target":{"@type":"EntryPoint","urlTemplate":"https:\/\/portfolio.360br.com.br\/zummo_2025\/?s={search_term_string}"},"query-input":{"@type":"PropertyValueSpecification","valueRequired":true,"valueName":"search_term_string"}}],"inLanguage":"pt-BR"},{"@type":"Organization","@id":"https:\/\/portfolio.360br.com.br\/zummo_2025\/#organization","name":"Zummo","url":"https:\/\/portfolio.360br.com.br\/zummo_2025\/","logo":{"@type":"ImageObject","inLanguage":"pt-BR","@id":"https:\/\/portfolio.360br.com.br\/zummo_2025\/#\/schema\/logo\/image\/","url":"https:\/\/portfolio.360br.com.br\/zummo_2025\/wp-content\/uploads\/2025\/04\/logo_zummo_menu.png","contentUrl":"https:\/\/portfolio.360br.com.br\/zummo_2025\/wp-content\/uploads\/2025\/04\/logo_zummo_menu.png","width":390,"height":68,"caption":"Zummo"},"image":{"@id":"https:\/\/portfolio.360br.com.br\/zummo_2025\/#\/schema\/logo\/image\/"}}]}},"_links":{"self":[{"href":"https:\/\/portfolio.360br.com.br\/zummo_2025\/wp-json\/wp\/v2\/product\/2460","targetHints":{"allow":["GET"]}}],"collection":[{"href":"https:\/\/portfolio.360br.com.br\/zummo_2025\/wp-json\/wp\/v2\/product"}],"about":[{"href":"https:\/\/portfolio.360br.com.br\/zummo_2025\/wp-json\/wp\/v2\/types\/product"}],"replies":[{"embeddable":true,"href":"https:\/\/portfolio.360br.com.br\/zummo_2025\/wp-json\/wp\/v2\/comments?post=2460"}],"wp:featuredmedia":[{"embeddable":true,"href":"https:\/\/portfolio.360br.com.br\/zummo_2025\/wp-json\/wp\/v2\/media\/2462"}],"wp:attachment":[{"href":"https:\/\/portfolio.360br.com.br\/zummo_2025\/wp-json\/wp\/v2\/media?parent=2460"}],"wp:term":[{"taxonomy":"product_brand","embeddable":true,"href":"https:\/\/portfolio.360br.com.br\/zummo_2025\/wp-json\/wp\/v2\/product_brand?post=2460"},{"taxonomy":"product_cat","embeddable":true,"href":"https:\/\/portfolio.360br.com.br\/zummo_2025\/wp-json\/wp\/v2\/product_cat?post=2460"},{"taxonomy":"product_tag","embeddable":true,"href":"https:\/\/portfolio.360br.com.br\/zummo_2025\/wp-json\/wp\/v2\/product_tag?post=2460"}],"curies":[{"name":"wp","href":"https:\/\/api.w.org\/{rel}","templated":true}]}}