{"id":2413,"date":"2025-05-08T14:59:26","date_gmt":"2025-05-08T17:59:26","guid":{"rendered":"https:\/\/portfolio.360br.com.br\/zummo_2025\/?post_type=product&#038;p=2413"},"modified":"2025-05-09T14:03:33","modified_gmt":"2025-05-09T17:03:33","slug":"z14-nature-com-reservatorio-de-4-litros-movel-de-inox","status":"publish","type":"product","link":"https:\/\/portfolio.360br.com.br\/zummo_2025\/produto\/z14-nature-com-reservatorio-de-4-litros-movel-de-inox\/","title":{"rendered":"Z14 Nature com reservat\u00f3rio de 4 litros + M\u00f3vel de Inox"},"content":{"rendered":"","protected":false},"excerpt":{"rendered":"<p>\u00c9 a op\u00e7\u00e3o recomendada para neg\u00f3cios que pretendem engarrafar o suco na hora, 100% natural. A capacidade da cesta abastecedora com 90 frutas no autom\u00e1tico e dos dep\u00f3sitos de cascas existentes no m\u00f3vel de a\u00e7o inox, possibilitando seu uso para grandes volumes, agilizando o tempo de extra\u00e7\u00e3o e a log\u00edstica de produ\u00e7\u00e3o das garrafas.<\/p>\n<p>Modelo ideal para se utilizar na retaguarda de Supermercados, Hortifr\u00fatis, Restaurantes e Padarias.<\/p>\n<ul>\n<li>Reservat\u00f3rio de 4 Litros<\/li>\n<li>Torneira para abastecimento<\/li>\n<li>M\u00f3vel de a\u00e7o inoxid\u00e1vel com dep\u00f3sito para o descarte do baga\u00e7o<\/li>\n<\/ul>\n","protected":false},"featured_media":2415,"comment_status":"open","ping_status":"closed","template":"","meta":{"_joinchat":[]},"product_brand":[],"product_cat":[19],"product_tag":[],"class_list":{"0":"post-2413","1":"product","2":"type-product","3":"status-publish","4":"has-post-thumbnail","6":"product_cat-espremedores","8":"first","9":"instock","10":"shipping-taxable","11":"purchasable","12":"product-type-variable"},"yoast_head":"<!-- This site is optimized with the Yoast SEO plugin v27.4 - https:\/\/yoast.com\/product\/yoast-seo-wordpress\/ -->\n<title>Z14 Nature com reservat\u00f3rio de 4 litros + M\u00f3vel de Inox &#187; Zummo<\/title>\n<meta name=\"robots\" content=\"index, follow, max-snippet:-1, max-image-preview:large, max-video-preview:-1\" \/>\n<link rel=\"canonical\" href=\"https:\/\/portfolio.360br.com.br\/zummo_2025\/produto\/z14-nature-com-reservatorio-de-4-litros-movel-de-inox\/\" \/>\n<meta property=\"og:locale\" content=\"pt_BR\" \/>\n<meta property=\"og:type\" content=\"article\" \/>\n<meta property=\"og:title\" content=\"Z14 Nature com reservat\u00f3rio de 4 litros + M\u00f3vel de Inox &#187; Zummo\" \/>\n<meta property=\"og:description\" content=\"\u00c9 a op\u00e7\u00e3o recomendada para neg\u00f3cios que pretendem engarrafar o suco na hora, 100% natural. A capacidade da cesta abastecedora com 90 frutas no autom\u00e1tico e dos dep\u00f3sitos de cascas existentes no m\u00f3vel de a\u00e7o inox, possibilitando seu uso para grandes volumes, agilizando o tempo de extra\u00e7\u00e3o e a log\u00edstica de produ\u00e7\u00e3o das garrafas.  Modelo ideal para se utilizar na retaguarda de Supermercados, Hortifr\u00fatis, Restaurantes e Padarias.   Reservat\u00f3rio de 4 Litros  Torneira para abastecimento  M\u00f3vel de a\u00e7o inoxid\u00e1vel com dep\u00f3sito para o descarte do baga\u00e7o\" \/>\n<meta property=\"og:url\" content=\"https:\/\/portfolio.360br.com.br\/zummo_2025\/produto\/z14-nature-com-reservatorio-de-4-litros-movel-de-inox\/\" \/>\n<meta property=\"og:site_name\" content=\"Zummo\" \/>\n<meta property=\"article:modified_time\" content=\"2025-05-09T17:03:33+00:00\" \/>\n<meta property=\"og:image\" content=\"https:\/\/portfolio.360br.com.br\/zummo_2025\/wp-content\/uploads\/2025\/05\/Z14-Nature-Self-Self-reservatorio.jpg\" \/>\n\t<meta property=\"og:image:width\" content=\"600\" \/>\n\t<meta property=\"og:image:height\" content=\"600\" \/>\n\t<meta property=\"og:image:type\" content=\"image\/jpeg\" \/>\n<meta name=\"twitter:card\" content=\"summary_large_image\" \/>\n<meta name=\"twitter:label1\" content=\"Est. tempo de leitura\" \/>\n\t<meta name=\"twitter:data1\" content=\"1 minuto\" \/>\n<script type=\"application\/ld+json\" class=\"yoast-schema-graph\">{\"@context\":\"https:\\\/\\\/schema.org\",\"@graph\":[{\"@type\":\"WebPage\",\"@id\":\"https:\\\/\\\/portfolio.360br.com.br\\\/zummo_2025\\\/produto\\\/z14-nature-com-reservatorio-de-4-litros-movel-de-inox\\\/\",\"url\":\"https:\\\/\\\/portfolio.360br.com.br\\\/zummo_2025\\\/produto\\\/z14-nature-com-reservatorio-de-4-litros-movel-de-inox\\\/\",\"name\":\"Z14 Nature com reservat\u00f3rio de 4 litros + M\u00f3vel de Inox &#187; Zummo\",\"isPartOf\":{\"@id\":\"https:\\\/\\\/portfolio.360br.com.br\\\/zummo_2025\\\/#website\"},\"primaryImageOfPage\":{\"@id\":\"https:\\\/\\\/portfolio.360br.com.br\\\/zummo_2025\\\/produto\\\/z14-nature-com-reservatorio-de-4-litros-movel-de-inox\\\/#primaryimage\"},\"image\":{\"@id\":\"https:\\\/\\\/portfolio.360br.com.br\\\/zummo_2025\\\/produto\\\/z14-nature-com-reservatorio-de-4-litros-movel-de-inox\\\/#primaryimage\"},\"thumbnailUrl\":\"https:\\\/\\\/portfolio.360br.com.br\\\/zummo_2025\\\/wp-content\\\/uploads\\\/2025\\\/05\\\/Z14-Nature-Self-Self-reservatorio.jpg\",\"datePublished\":\"2025-05-08T17:59:26+00:00\",\"dateModified\":\"2025-05-09T17:03:33+00:00\",\"breadcrumb\":{\"@id\":\"https:\\\/\\\/portfolio.360br.com.br\\\/zummo_2025\\\/produto\\\/z14-nature-com-reservatorio-de-4-litros-movel-de-inox\\\/#breadcrumb\"},\"inLanguage\":\"pt-BR\",\"potentialAction\":[{\"@type\":\"ReadAction\",\"target\":[\"https:\\\/\\\/portfolio.360br.com.br\\\/zummo_2025\\\/produto\\\/z14-nature-com-reservatorio-de-4-litros-movel-de-inox\\\/\"]}]},{\"@type\":\"ImageObject\",\"inLanguage\":\"pt-BR\",\"@id\":\"https:\\\/\\\/portfolio.360br.com.br\\\/zummo_2025\\\/produto\\\/z14-nature-com-reservatorio-de-4-litros-movel-de-inox\\\/#primaryimage\",\"url\":\"https:\\\/\\\/portfolio.360br.com.br\\\/zummo_2025\\\/wp-content\\\/uploads\\\/2025\\\/05\\\/Z14-Nature-Self-Self-reservatorio.jpg\",\"contentUrl\":\"https:\\\/\\\/portfolio.360br.com.br\\\/zummo_2025\\\/wp-content\\\/uploads\\\/2025\\\/05\\\/Z14-Nature-Self-Self-reservatorio.jpg\",\"width\":600,\"height\":600,\"caption\":\"Z14 Nature com reservat\u00f3rio de 4 litros + M\u00f3vel de Inox\"},{\"@type\":\"BreadcrumbList\",\"@id\":\"https:\\\/\\\/portfolio.360br.com.br\\\/zummo_2025\\\/produto\\\/z14-nature-com-reservatorio-de-4-litros-movel-de-inox\\\/#breadcrumb\",\"itemListElement\":[{\"@type\":\"ListItem\",\"position\":1,\"name\":\"Home\",\"item\":\"https:\\\/\\\/portfolio.360br.com.br\\\/zummo_2025\\\/\"},{\"@type\":\"ListItem\",\"position\":2,\"name\":\"Loja\",\"item\":\"https:\\\/\\\/portfolio.360br.com.br\\\/zummo_2025\\\/loja\\\/\"},{\"@type\":\"ListItem\",\"position\":3,\"name\":\"Espremedores\",\"item\":\"https:\\\/\\\/portfolio.360br.com.br\\\/zummo_2025\\\/categoria-produto\\\/espremedores\\\/\"},{\"@type\":\"ListItem\",\"position\":4,\"name\":\"Z14 Nature com reservat\u00f3rio de 4 litros + M\u00f3vel de Inox\"}]},{\"@type\":\"WebSite\",\"@id\":\"https:\\\/\\\/portfolio.360br.com.br\\\/zummo_2025\\\/#website\",\"url\":\"https:\\\/\\\/portfolio.360br.com.br\\\/zummo_2025\\\/\",\"name\":\"Zummo\",\"description\":\"Buscamos melhorar a vida das pessoas por meio da inova\u00e7\u00e3o, qualidade e sustentabilidade. Estamos constantemente explorando novas maneiras de agregar valor ao futuro do bem-estar.\",\"publisher\":{\"@id\":\"https:\\\/\\\/portfolio.360br.com.br\\\/zummo_2025\\\/#organization\"},\"potentialAction\":[{\"@type\":\"SearchAction\",\"target\":{\"@type\":\"EntryPoint\",\"urlTemplate\":\"https:\\\/\\\/portfolio.360br.com.br\\\/zummo_2025\\\/?s={search_term_string}\"},\"query-input\":{\"@type\":\"PropertyValueSpecification\",\"valueRequired\":true,\"valueName\":\"search_term_string\"}}],\"inLanguage\":\"pt-BR\"},{\"@type\":\"Organization\",\"@id\":\"https:\\\/\\\/portfolio.360br.com.br\\\/zummo_2025\\\/#organization\",\"name\":\"Zummo\",\"url\":\"https:\\\/\\\/portfolio.360br.com.br\\\/zummo_2025\\\/\",\"logo\":{\"@type\":\"ImageObject\",\"inLanguage\":\"pt-BR\",\"@id\":\"https:\\\/\\\/portfolio.360br.com.br\\\/zummo_2025\\\/#\\\/schema\\\/logo\\\/image\\\/\",\"url\":\"https:\\\/\\\/portfolio.360br.com.br\\\/zummo_2025\\\/wp-content\\\/uploads\\\/2025\\\/04\\\/logo_zummo_menu.png\",\"contentUrl\":\"https:\\\/\\\/portfolio.360br.com.br\\\/zummo_2025\\\/wp-content\\\/uploads\\\/2025\\\/04\\\/logo_zummo_menu.png\",\"width\":390,\"height\":68,\"caption\":\"Zummo\"},\"image\":{\"@id\":\"https:\\\/\\\/portfolio.360br.com.br\\\/zummo_2025\\\/#\\\/schema\\\/logo\\\/image\\\/\"}}]}<\/script>\n<!-- \/ Yoast SEO plugin. -->","yoast_head_json":{"title":"Z14 Nature com reservat\u00f3rio de 4 litros + M\u00f3vel de Inox &#187; Zummo","robots":{"index":"index","follow":"follow","max-snippet":"max-snippet:-1","max-image-preview":"max-image-preview:large","max-video-preview":"max-video-preview:-1"},"canonical":"https:\/\/portfolio.360br.com.br\/zummo_2025\/produto\/z14-nature-com-reservatorio-de-4-litros-movel-de-inox\/","og_locale":"pt_BR","og_type":"article","og_title":"Z14 Nature com reservat\u00f3rio de 4 litros + M\u00f3vel de Inox &#187; Zummo","og_description":"\u00c9 a op\u00e7\u00e3o recomendada para neg\u00f3cios que pretendem engarrafar o suco na hora, 100% natural. A capacidade da cesta abastecedora com 90 frutas no autom\u00e1tico e dos dep\u00f3sitos de cascas existentes no m\u00f3vel de a\u00e7o inox, possibilitando seu uso para grandes volumes, agilizando o tempo de extra\u00e7\u00e3o e a log\u00edstica de produ\u00e7\u00e3o das garrafas.  Modelo ideal para se utilizar na retaguarda de Supermercados, Hortifr\u00fatis, Restaurantes e Padarias.   Reservat\u00f3rio de 4 Litros  Torneira para abastecimento  M\u00f3vel de a\u00e7o inoxid\u00e1vel com dep\u00f3sito para o descarte do baga\u00e7o","og_url":"https:\/\/portfolio.360br.com.br\/zummo_2025\/produto\/z14-nature-com-reservatorio-de-4-litros-movel-de-inox\/","og_site_name":"Zummo","article_modified_time":"2025-05-09T17:03:33+00:00","og_image":[{"width":600,"height":600,"url":"https:\/\/portfolio.360br.com.br\/zummo_2025\/wp-content\/uploads\/2025\/05\/Z14-Nature-Self-Self-reservatorio.jpg","type":"image\/jpeg"}],"twitter_card":"summary_large_image","twitter_misc":{"Est. tempo de leitura":"1 minuto"},"schema":{"@context":"https:\/\/schema.org","@graph":[{"@type":"WebPage","@id":"https:\/\/portfolio.360br.com.br\/zummo_2025\/produto\/z14-nature-com-reservatorio-de-4-litros-movel-de-inox\/","url":"https:\/\/portfolio.360br.com.br\/zummo_2025\/produto\/z14-nature-com-reservatorio-de-4-litros-movel-de-inox\/","name":"Z14 Nature com reservat\u00f3rio de 4 litros + M\u00f3vel de Inox &#187; Zummo","isPartOf":{"@id":"https:\/\/portfolio.360br.com.br\/zummo_2025\/#website"},"primaryImageOfPage":{"@id":"https:\/\/portfolio.360br.com.br\/zummo_2025\/produto\/z14-nature-com-reservatorio-de-4-litros-movel-de-inox\/#primaryimage"},"image":{"@id":"https:\/\/portfolio.360br.com.br\/zummo_2025\/produto\/z14-nature-com-reservatorio-de-4-litros-movel-de-inox\/#primaryimage"},"thumbnailUrl":"https:\/\/portfolio.360br.com.br\/zummo_2025\/wp-content\/uploads\/2025\/05\/Z14-Nature-Self-Self-reservatorio.jpg","datePublished":"2025-05-08T17:59:26+00:00","dateModified":"2025-05-09T17:03:33+00:00","breadcrumb":{"@id":"https:\/\/portfolio.360br.com.br\/zummo_2025\/produto\/z14-nature-com-reservatorio-de-4-litros-movel-de-inox\/#breadcrumb"},"inLanguage":"pt-BR","potentialAction":[{"@type":"ReadAction","target":["https:\/\/portfolio.360br.com.br\/zummo_2025\/produto\/z14-nature-com-reservatorio-de-4-litros-movel-de-inox\/"]}]},{"@type":"ImageObject","inLanguage":"pt-BR","@id":"https:\/\/portfolio.360br.com.br\/zummo_2025\/produto\/z14-nature-com-reservatorio-de-4-litros-movel-de-inox\/#primaryimage","url":"https:\/\/portfolio.360br.com.br\/zummo_2025\/wp-content\/uploads\/2025\/05\/Z14-Nature-Self-Self-reservatorio.jpg","contentUrl":"https:\/\/portfolio.360br.com.br\/zummo_2025\/wp-content\/uploads\/2025\/05\/Z14-Nature-Self-Self-reservatorio.jpg","width":600,"height":600,"caption":"Z14 Nature com reservat\u00f3rio de 4 litros + M\u00f3vel de Inox"},{"@type":"BreadcrumbList","@id":"https:\/\/portfolio.360br.com.br\/zummo_2025\/produto\/z14-nature-com-reservatorio-de-4-litros-movel-de-inox\/#breadcrumb","itemListElement":[{"@type":"ListItem","position":1,"name":"Home","item":"https:\/\/portfolio.360br.com.br\/zummo_2025\/"},{"@type":"ListItem","position":2,"name":"Loja","item":"https:\/\/portfolio.360br.com.br\/zummo_2025\/loja\/"},{"@type":"ListItem","position":3,"name":"Espremedores","item":"https:\/\/portfolio.360br.com.br\/zummo_2025\/categoria-produto\/espremedores\/"},{"@type":"ListItem","position":4,"name":"Z14 Nature com reservat\u00f3rio de 4 litros + M\u00f3vel de Inox"}]},{"@type":"WebSite","@id":"https:\/\/portfolio.360br.com.br\/zummo_2025\/#website","url":"https:\/\/portfolio.360br.com.br\/zummo_2025\/","name":"Zummo","description":"Buscamos melhorar a vida das pessoas por meio da inova\u00e7\u00e3o, qualidade e sustentabilidade. Estamos constantemente explorando novas maneiras de agregar valor ao futuro do bem-estar.","publisher":{"@id":"https:\/\/portfolio.360br.com.br\/zummo_2025\/#organization"},"potentialAction":[{"@type":"SearchAction","target":{"@type":"EntryPoint","urlTemplate":"https:\/\/portfolio.360br.com.br\/zummo_2025\/?s={search_term_string}"},"query-input":{"@type":"PropertyValueSpecification","valueRequired":true,"valueName":"search_term_string"}}],"inLanguage":"pt-BR"},{"@type":"Organization","@id":"https:\/\/portfolio.360br.com.br\/zummo_2025\/#organization","name":"Zummo","url":"https:\/\/portfolio.360br.com.br\/zummo_2025\/","logo":{"@type":"ImageObject","inLanguage":"pt-BR","@id":"https:\/\/portfolio.360br.com.br\/zummo_2025\/#\/schema\/logo\/image\/","url":"https:\/\/portfolio.360br.com.br\/zummo_2025\/wp-content\/uploads\/2025\/04\/logo_zummo_menu.png","contentUrl":"https:\/\/portfolio.360br.com.br\/zummo_2025\/wp-content\/uploads\/2025\/04\/logo_zummo_menu.png","width":390,"height":68,"caption":"Zummo"},"image":{"@id":"https:\/\/portfolio.360br.com.br\/zummo_2025\/#\/schema\/logo\/image\/"}}]}},"_links":{"self":[{"href":"https:\/\/portfolio.360br.com.br\/zummo_2025\/wp-json\/wp\/v2\/product\/2413","targetHints":{"allow":["GET"]}}],"collection":[{"href":"https:\/\/portfolio.360br.com.br\/zummo_2025\/wp-json\/wp\/v2\/product"}],"about":[{"href":"https:\/\/portfolio.360br.com.br\/zummo_2025\/wp-json\/wp\/v2\/types\/product"}],"replies":[{"embeddable":true,"href":"https:\/\/portfolio.360br.com.br\/zummo_2025\/wp-json\/wp\/v2\/comments?post=2413"}],"wp:featuredmedia":[{"embeddable":true,"href":"https:\/\/portfolio.360br.com.br\/zummo_2025\/wp-json\/wp\/v2\/media\/2415"}],"wp:attachment":[{"href":"https:\/\/portfolio.360br.com.br\/zummo_2025\/wp-json\/wp\/v2\/media?parent=2413"}],"wp:term":[{"taxonomy":"product_brand","embeddable":true,"href":"https:\/\/portfolio.360br.com.br\/zummo_2025\/wp-json\/wp\/v2\/product_brand?post=2413"},{"taxonomy":"product_cat","embeddable":true,"href":"https:\/\/portfolio.360br.com.br\/zummo_2025\/wp-json\/wp\/v2\/product_cat?post=2413"},{"taxonomy":"product_tag","embeddable":true,"href":"https:\/\/portfolio.360br.com.br\/zummo_2025\/wp-json\/wp\/v2\/product_tag?post=2413"}],"curies":[{"name":"wp","href":"https:\/\/api.w.org\/{rel}","templated":true}]}}