{"id":1795,"date":"2025-05-06T10:41:28","date_gmt":"2025-05-06T13:41:28","guid":{"rendered":"https:\/\/portfolio.360br.com.br\/zummo_2025\/?page_id=1795"},"modified":"2025-05-06T10:58:32","modified_gmt":"2025-05-06T13:58:32","slug":"politica-de-cookies","status":"publish","type":"page","link":"https:\/\/portfolio.360br.com.br\/zummo_2025\/politica-de-cookies\/","title":{"rendered":"Pol\u00edtica de Cookies"},"content":{"rendered":"\t\t<div data-elementor-type=\"wp-page\" data-elementor-id=\"1795\" class=\"elementor elementor-1795\" data-elementor-settings=\"{&quot;ha_cmc_init_switcher&quot;:&quot;no&quot;}\" data-elementor-post-type=\"page\">\n\t\t\t\t<div class=\"elementor-element elementor-element-328ea588 e-con-full e-flex e-con e-parent\" data-id=\"328ea588\" data-element_type=\"container\" data-e-type=\"container\" data-settings=\"{&quot;background_background&quot;:&quot;classic&quot;,&quot;_ha_eqh_enable&quot;:false}\">\n\t\t<div class=\"elementor-element elementor-element-7595446b e-flex e-con-boxed e-con e-child\" data-id=\"7595446b\" data-element_type=\"container\" data-e-type=\"container\" data-settings=\"{&quot;_ha_eqh_enable&quot;:false}\">\n\t\t\t\t\t<div class=\"e-con-inner\">\n\t\t\t\t<div class=\"elementor-element elementor-element-28dd7ca6 elementor-align-left elementor-widget elementor-widget-breadcrumbs\" data-id=\"28dd7ca6\" data-element_type=\"widget\" data-e-type=\"widget\" data-widget_type=\"breadcrumbs.default\">\n\t\t\t\t<div class=\"elementor-widget-container\">\n\t\t\t\t\t<p id=\"breadcrumbs\"><span><span><a href=\"https:\/\/portfolio.360br.com.br\/zummo_2025\/\">Home<\/a><\/span><\/span><\/p>\t\t\t\t<\/div>\n\t\t\t\t<\/div>\n\t\t\t\t\t<\/div>\n\t\t\t\t<\/div>\n\t\t\t\t<\/div>\n\t\t<div class=\"elementor-element elementor-element-2501b449 e-flex e-con-boxed e-con e-parent\" data-id=\"2501b449\" data-element_type=\"container\" data-e-type=\"container\" data-settings=\"{&quot;_ha_eqh_enable&quot;:false}\">\n\t\t\t\t\t<div class=\"e-con-inner\">\n\t\t<div class=\"elementor-element elementor-element-641b77d2 e-con-full e-flex e-con e-child\" data-id=\"641b77d2\" data-element_type=\"container\" data-e-type=\"container\" data-settings=\"{&quot;_ha_eqh_enable&quot;:false}\">\n\t\t\t\t<div class=\"elementor-element elementor-element-1ac3bff4 elementor-widget elementor-widget-heading\" data-id=\"1ac3bff4\" data-element_type=\"widget\" data-e-type=\"widget\" data-widget_type=\"heading.default\">\n\t\t\t\t<div class=\"elementor-widget-container\">\n\t\t\t\t\t<h4 class=\"elementor-heading-title elementor-size-default\">Pol\u00edtica de Cookies<\/h4>\t\t\t\t<\/div>\n\t\t\t\t<\/div>\n\t\t\t\t<div class=\"elementor-element elementor-element-d2970c7 elementor-widget elementor-widget-text-editor\" data-id=\"d2970c7\" data-element_type=\"widget\" data-e-type=\"widget\" data-widget_type=\"text-editor.default\">\n\t\t\t\t<div class=\"elementor-widget-container\">\n\t\t\t\t\t\t\t\t\t<p>Em Zummo Innovaciones Mec\u00e1nicas, S.A. Usamos cookies para oferecer um servi\u00e7o melhor e proporcionar uma melhor experi\u00eancia de navega\u00e7\u00e3o. Queremos inform\u00e1-lo de forma clara e precisa sobre os cookies que usamos, detalhando abaixo, o que \u00e9 um cookie, para que serve, que tipos de cookies usamos, qual \u00e9 o seu prop\u00f3sito e como voc\u00ea pode configur\u00e1-los ou desativ\u00e1-los, se desejar.<\/p><h4><strong>O que \u00e9 um cookie e para que serve?<\/strong><\/h4><p>Um &#8220;Cookie&#8221; \u00e9 um pequeno arquivo que \u00e9 armazenado no computador, tablet, smartphone ou qualquer outro dispositivo do usu\u00e1rio com informa\u00e7\u00f5es sobre navega\u00e7\u00e3o.<br \/>O conjunto de &#8220;cookies&#8221; de todos os nossos usu\u00e1rios nos ajuda a melhorar a qualidade do nosso site, permitindo-nos controlar quais p\u00e1ginas s\u00e3o \u00fateis, quais n\u00e3o s\u00e3o e quais s\u00e3o suscet\u00edveis a melhorias.<br \/>Os cookies s\u00e3o essenciais para o funcionamento da internet, proporcionando in\u00fameras vantagens na presta\u00e7\u00e3o de servi\u00e7os interativos, facilitando a navega\u00e7\u00e3o e usabilidade do nosso site.<br \/>Em qualquer caso, os cookies podem danificar seu computador. Por outro lado, o fato de eles serem ativos nos ajuda a identificar e resolver erros.<\/p><h4><strong>Que tipos de cookies usamos?<\/strong><\/h4><p><strong>De acordo com a entidade que gerencia:<\/strong><\/p><ul><li><strong>Cookies pr\u00f3prios<\/strong>: s\u00e3o aqueles que s\u00e3o enviados para o seu computador a partir de nossos pr\u00f3prios computadores ou dom\u00ednios e dos quais fornecemos o servi\u00e7o que voc\u00ea solicita.<\/li><li><strong>Cookies de terceiros<\/strong>: aqueles que s\u00e3o enviados para o seu computador a partir de um computador ou dom\u00ednio que n\u00e3o \u00e9 gerenciado por n\u00f3s, mas por outra entidade colaboradora. Por exemplo, aqueles usados \u200b\u200bpor redes sociais ou conte\u00fado externo, como o Google Maps.<\/li><\/ul><h4><strong>De acordo com o per\u00edodo de tempo, eles permanecem ativados:<\/strong><\/h4><ul><li><strong>Cookies de sess\u00e3o<\/strong>: s\u00e3o cookies tempor\u00e1rios que permanecem no arquivo de cookies do seu navegador at\u00e9 voc\u00ea deixar a p\u00e1gina da web, portanto, nenhum deles \u00e9 gravado no disco r\u00edgido do seu computador. As informa\u00e7\u00f5es obtidas por meio desses cookies s\u00e3o usadas para analisar padr\u00f5es de tr\u00e1fego na web. A longo prazo, isso nos permite oferecer uma experi\u00eancia melhor para melhorar o conte\u00fado e facilitar seu uso.<\/li><li><strong>Cookies persistentes<\/strong>: eles s\u00e3o armazenados em seu disco r\u00edgido e nosso site os l\u00ea toda vez que voc\u00ea faz uma nova visita. Um site permanente tem uma data de expira\u00e7\u00e3o espec\u00edfica. O cookie ir\u00e1 parar de funcionar ap\u00f3s essa data. Usamos esses cookies, geralmente, para facilitar os servi\u00e7os de compra e registro.<\/li><\/ul><h4><strong>De acordo com o seu prop\u00f3sito:<\/strong><\/h4><ul><li><strong>Cookies t\u00e9cnicos<\/strong>: Eles s\u00e3o os necess\u00e1rios para a navega\u00e7\u00e3o e bom funcionamento do nosso website. Permitir, por exemplo, o tr\u00e1fego de controle e comunica\u00e7\u00e3o de dados, de acesso restrito partes, tornar o processo de compra de uma ordem, usar recursos de seguran\u00e7a, armazenamento de conte\u00fado para entregar v\u00eddeos ou compartilhar conte\u00fado atrav\u00e9s de redes sociais.<\/li><li><strong>Cookies de personaliza\u00e7\u00e3o<\/strong>: aquelas que permitem a voc\u00ea acessar o servi\u00e7o com pr\u00e9-definidos, dependendo de uma s\u00e9rie de recursos crit\u00e9rios, tais como a linguagem, tipo de navegador atrav\u00e9s do qual voc\u00ea acessar o servi\u00e7o, o local a partir do qual o acesso servi\u00e7o, etc.<\/li><li><strong>Cookies de an\u00e1lise<\/strong>: aquelas que nos permitem quantificar o n\u00famero de usu\u00e1rios e realizar a medi\u00e7\u00e3o e an\u00e1lise estat\u00edstica do uso feito pelos usu\u00e1rios dos servi\u00e7os que prestados.Para browsing discutidos em nosso site a fim de melhorar gama de produtos e servi\u00e7os que oferecemos.<\/li><li><strong>Cookies de publicidade<\/strong>: Estes s\u00e3o os que permitem a gest\u00e3o, a maneira mais eficaz poss\u00edvel, de espa\u00e7o de publicidade que poderiam ser inclu\u00eddos em nosso site.<br \/>cookies de publicidade comportamental: Estes comportamento do usu\u00e1rio Os cookies armazenam informa\u00e7\u00f5es obtidas atrav\u00e9s da observa\u00e7\u00e3o cont\u00ednua. Gra\u00e7as a eles, podemos conhecer os h\u00e1bitos de navega\u00e7\u00e3o Internet e mostrar relacionada Publicidade sua navega\u00e7\u00e3o perfil.<\/li><\/ul><h4><strong>Objetivo de cada um dos cookies utilizados:<\/strong><\/h4><p>Abaixo detalhamos os cookies utilizados em nosso site e a finalidade deles.<\/p><p>Lista de cookies utilizados no dom\u00ednio www.zummocorp.com:<\/p><div class=\"table-scroll\"><table border=\"1\" cellspacing=\"1\" cellpadding=\"1\" align=\"left\"><thead><tr><th scope=\"col\">NOME<\/th><th>SERVIDOR DO QUAL \u00c9 ENVIADO<\/th><th>FINALIDADE<\/th><th>PR\u00d3PRIA\/TERCEIROS<\/th><th>EXCLU\u00cdDA\/N\u00c3O EXCLU\u00cdDA DO DEVER DA INFORMA\u00c7\u00c3O E CONSENTIMENTO<\/th><\/tr><\/thead><tbody><tr><td>PHPSESSID<\/td><td>zummocorp.com<\/td><td>Cookie de sess\u00e3o<\/td><td>Pr\u00f3pria<\/td><td>N\u00e3o exclu\u00edda<\/td><\/tr><tr><td>zummo_cokie<\/td><td>zummocorp.com<\/td><td>Cookie t\u00e9cnica que mostra o aviso de cookies<\/td><td>Pr\u00f3pria<\/td><td>N\u00e3o exclu\u00edda<\/td><\/tr><tr><td>_ga<\/td><td>google.com<\/td><td>Cookies de an\u00e1lise<\/td><td>Terceiros<\/td><td>N\u00e3o exclu\u00edda<\/td><\/tr><tr><td>_gat<\/td><td>google.com<\/td><td>Cookies de an\u00e1lise<\/td><td>Terceiros<\/td><td>N\u00e3o exclu\u00edda<\/td><\/tr><tr><td>GEUP<\/td><td>youtube.com<\/td><td>Cookies t\u00e9cnicas<\/td><td>Terceiros<\/td><td>N\u00e3o exclu\u00edda<\/td><\/tr><tr><td>PREF<\/td><td>youtube.com<\/td><td>Cookies t\u00e9cnicas<\/td><td>Terceiros<\/td><td>N\u00e3o exclu\u00edda<\/td><\/tr><tr><td>VISITOR_INFO1_LIVE<\/td><td>youtube.com<\/td><td>Cookies t\u00e9cnicas<\/td><td>Terceiros<\/td><td>N\u00e3o exclu\u00edda<\/td><\/tr><tr><td>YSC<\/td><td>youtube.com<\/td><td>Cookies t\u00e9cnicas<\/td><td>Terceiros<\/td><td>N\u00e3o exclu\u00edda<\/td><\/tr><\/tbody><\/table><\/div><p>Lista de provedores de servi\u00e7os de cookies de terceiros no dom\u00ednio www.zummo.com.br:<\/p><div class=\"table-scroll\"><table class=\"table-scroll\" border=\"1\" cellspacing=\"1\" cellpadding=\"1\" align=\"left\"><thead><tr><th scope=\"col\">NOME DO PROVEEDOR<\/th><th style=\"width: 101px;\">FINALIDADE DO COOKIE<\/th><th>DESCRI\u00c7\u00c3O DA FINALIDAD E DO COOKIE<\/th><th style=\"width: 131px;\">SE DESEJAR MAIS INFORMA\u00c7\u00d5ES SOBRE O USO DE COOKIES DESTE TERCEIRO<\/th><\/tr><\/thead><tbody><tr><td>Google<\/td><td style=\"width: 101px;\">An\u00e1lises t\u00e9cnicas<\/td><td>Eles coletam informa\u00e7\u00f5es, incluindo o endere\u00e7o IP do usu\u00e1rio, que ser\u00e3o transmitidos, processados \u200b\u200be armazenados pelo Google nos termos estabelecidos no site Google.com.<\/td><td style=\"width: 131px;\"><a href=\"https:\/\/www.google.com\/intl\/es_es\/policies\/technologies\/cookies\/\" target=\"_blank\" rel=\"noopener\">Como utiliza Google os cookies<\/a><\/td><\/tr><\/tbody><\/table><\/div><p>OBSERVA\u00c7\u00c3O: Essa lista ser\u00e1 atualizada o mais r\u00e1pido poss\u00edvel, \u00e0 medida que os servi\u00e7os do site oferecidos nela forem alterados. No entanto, ocasionalmente, durante essa atualiza\u00e7\u00e3o, pode ser que a lista ainda n\u00e3o inclua um cookie, embora sempre fa\u00e7a refer\u00eancia a cookies com prop\u00f3sitos id\u00eanticos aos registrados nessa lista.<\/p><h4><strong>Como voc\u00ea pode configurar ou desativar seus cookies?<\/strong><\/h4><p>Voc\u00ea pode permitir, bloquear ou excluir os cookies instalados no seu computador, configurando as op\u00e7\u00f5es do seu navegador da Internet. Caso voc\u00ea n\u00e3o permita a instala\u00e7\u00e3o de cookies no seu navegador, voc\u00ea pode n\u00e3o conseguir acessar alguns dos servi\u00e7os e sua experi\u00eancia em nosso site pode ser menos satisfat\u00f3ria.<br \/>Nos links a seguir, voc\u00ea tem \u00e0 sua disposi\u00e7\u00e3o todas as informa\u00e7\u00f5es para configurar ou desativar seus cookies em cada navegador:<\/p><ul><li><a href=\"http:\/\/support.google.com\/chrome\/answer\/95647?hl=es\">Google Chrome<\/a><\/li><li><a href=\"http:\/\/support.mozilla.org\/es\/kb\/habilitar-y-deshabilitar-cookies-que-los-sitios-we\">Mozilla Firefox<\/a><\/li><li><a href=\"http:\/\/windows.microsoft.com\/es-es\/windows-vista\/block-or-allow-cookies\">Internet Explorer<\/a><\/li><li><a href=\"http:\/\/support.apple.com\/kb\/ph5042?viewlocale=es_es\">Safari<\/a><\/li><li><a href=\"http:\/\/support.apple.com\/kb\/ht1677?viewlocale=es_es\">Safari para IOS<\/a>\u00a0(iPhone e iPad)<\/li><li><a href=\"http:\/\/support.google.com\/chrome\/answer\/2392971?hl=es\">Chrome para Android<\/a><\/li><\/ul><h4><strong>Consentimento<\/strong><\/h4><p>N\u00f3s nunca armazenamos os dados pessoais de nossos usu\u00e1rios, com exce\u00e7\u00e3o do endere\u00e7o IP conforme descrito acima, a menos que voc\u00ea queira se registrar voluntariamente para fazer compras dos produtos e servi\u00e7os que colocamos \u00e0 sua disposi\u00e7\u00e3o ou receber informa\u00e7\u00f5es. sobre promo\u00e7\u00f5es e conte\u00fados de seu interesse.<br \/>Ao navegar e continuar em nosso site, voc\u00ea indica que concorda com o uso dos cookies acima mencionados e nas condi\u00e7\u00f5es contidas nesta Pol\u00edtica de Cookies.<\/p>\t\t\t\t\t\t\t\t<\/div>\n\t\t\t\t<\/div>\n\t\t\t\t<\/div>\n\t\t\t\t\t<\/div>\n\t\t\t\t<\/div>\n\t\t\t\t<\/div>\n\t\t","protected":false},"excerpt":{"rendered":"<p>Pol\u00edtica de Cookies Em Zummo Innovaciones Mec\u00e1nicas, S.A. Usamos cookies para oferecer um servi\u00e7o melhor e proporcionar uma melhor experi\u00eancia de navega\u00e7\u00e3o. Queremos inform\u00e1-lo de forma clara e precisa sobre os cookies que usamos, detalhando abaixo, o que \u00e9 um cookie, para que serve, que tipos de cookies usamos, qual \u00e9 o seu prop\u00f3sito e [&hellip;]<\/p>\n","protected":false},"author":1,"featured_media":0,"parent":0,"menu_order":0,"comment_status":"closed","ping_status":"closed","template":"","meta":{"_joinchat":[],"footnotes":""},"class_list":["post-1795","page","type-page","status-publish","hentry"],"yoast_head":"<!-- This site is optimized with the Yoast SEO plugin v27.4 - https:\/\/yoast.com\/product\/yoast-seo-wordpress\/ -->\n<title>Pol\u00edtica de Cookies &#187; Zummo<\/title>\n<meta name=\"robots\" content=\"index, follow, max-snippet:-1, max-image-preview:large, max-video-preview:-1\" \/>\n<link rel=\"canonical\" href=\"https:\/\/portfolio.360br.com.br\/zummo_2025\/politica-de-cookies\/\" \/>\n<meta property=\"og:locale\" content=\"pt_BR\" \/>\n<meta property=\"og:type\" content=\"article\" \/>\n<meta property=\"og:title\" content=\"Pol\u00edtica de Cookies &#187; Zummo\" \/>\n<meta property=\"og:description\" content=\"Pol\u00edtica de Cookies Em Zummo Innovaciones Mec\u00e1nicas, S.A. Usamos cookies para oferecer um servi\u00e7o melhor e proporcionar uma melhor experi\u00eancia de navega\u00e7\u00e3o. Queremos inform\u00e1-lo de forma clara e precisa sobre os cookies que usamos, detalhando abaixo, o que \u00e9 um cookie, para que serve, que tipos de cookies usamos, qual \u00e9 o seu prop\u00f3sito e [&hellip;]\" \/>\n<meta property=\"og:url\" content=\"https:\/\/portfolio.360br.com.br\/zummo_2025\/politica-de-cookies\/\" \/>\n<meta property=\"og:site_name\" content=\"Zummo\" \/>\n<meta property=\"article:modified_time\" content=\"2025-05-06T13:58:32+00:00\" \/>\n<meta name=\"twitter:card\" content=\"summary_large_image\" \/>\n<meta name=\"twitter:label1\" content=\"Est. tempo de leitura\" \/>\n\t<meta name=\"twitter:data1\" content=\"6 minutos\" \/>\n<script type=\"application\/ld+json\" class=\"yoast-schema-graph\">{\"@context\":\"https:\\\/\\\/schema.org\",\"@graph\":[{\"@type\":\"WebPage\",\"@id\":\"https:\\\/\\\/portfolio.360br.com.br\\\/zummo_2025\\\/politica-de-cookies\\\/\",\"url\":\"https:\\\/\\\/portfolio.360br.com.br\\\/zummo_2025\\\/politica-de-cookies\\\/\",\"name\":\"Pol\u00edtica de Cookies &#187; Zummo\",\"isPartOf\":{\"@id\":\"https:\\\/\\\/portfolio.360br.com.br\\\/zummo_2025\\\/#website\"},\"datePublished\":\"2025-05-06T13:41:28+00:00\",\"dateModified\":\"2025-05-06T13:58:32+00:00\",\"breadcrumb\":{\"@id\":\"https:\\\/\\\/portfolio.360br.com.br\\\/zummo_2025\\\/politica-de-cookies\\\/#breadcrumb\"},\"inLanguage\":\"pt-BR\",\"potentialAction\":[{\"@type\":\"ReadAction\",\"target\":[\"https:\\\/\\\/portfolio.360br.com.br\\\/zummo_2025\\\/politica-de-cookies\\\/\"]}]},{\"@type\":\"BreadcrumbList\",\"@id\":\"https:\\\/\\\/portfolio.360br.com.br\\\/zummo_2025\\\/politica-de-cookies\\\/#breadcrumb\",\"itemListElement\":[{\"@type\":\"ListItem\",\"position\":1,\"name\":\"Home\",\"item\":\"https:\\\/\\\/portfolio.360br.com.br\\\/zummo_2025\\\/\"},{\"@type\":\"ListItem\",\"position\":2,\"name\":\"Pol\u00edtica de Cookies\"}]},{\"@type\":\"WebSite\",\"@id\":\"https:\\\/\\\/portfolio.360br.com.br\\\/zummo_2025\\\/#website\",\"url\":\"https:\\\/\\\/portfolio.360br.com.br\\\/zummo_2025\\\/\",\"name\":\"Zummo\",\"description\":\"Buscamos melhorar a vida das pessoas por meio da inova\u00e7\u00e3o, qualidade e sustentabilidade. Estamos constantemente explorando novas maneiras de agregar valor ao futuro do bem-estar.\",\"publisher\":{\"@id\":\"https:\\\/\\\/portfolio.360br.com.br\\\/zummo_2025\\\/#organization\"},\"potentialAction\":[{\"@type\":\"SearchAction\",\"target\":{\"@type\":\"EntryPoint\",\"urlTemplate\":\"https:\\\/\\\/portfolio.360br.com.br\\\/zummo_2025\\\/?s={search_term_string}\"},\"query-input\":{\"@type\":\"PropertyValueSpecification\",\"valueRequired\":true,\"valueName\":\"search_term_string\"}}],\"inLanguage\":\"pt-BR\"},{\"@type\":\"Organization\",\"@id\":\"https:\\\/\\\/portfolio.360br.com.br\\\/zummo_2025\\\/#organization\",\"name\":\"Zummo\",\"url\":\"https:\\\/\\\/portfolio.360br.com.br\\\/zummo_2025\\\/\",\"logo\":{\"@type\":\"ImageObject\",\"inLanguage\":\"pt-BR\",\"@id\":\"https:\\\/\\\/portfolio.360br.com.br\\\/zummo_2025\\\/#\\\/schema\\\/logo\\\/image\\\/\",\"url\":\"https:\\\/\\\/portfolio.360br.com.br\\\/zummo_2025\\\/wp-content\\\/uploads\\\/2025\\\/04\\\/logo_zummo_menu.png\",\"contentUrl\":\"https:\\\/\\\/portfolio.360br.com.br\\\/zummo_2025\\\/wp-content\\\/uploads\\\/2025\\\/04\\\/logo_zummo_menu.png\",\"width\":390,\"height\":68,\"caption\":\"Zummo\"},\"image\":{\"@id\":\"https:\\\/\\\/portfolio.360br.com.br\\\/zummo_2025\\\/#\\\/schema\\\/logo\\\/image\\\/\"}}]}<\/script>\n<!-- \/ Yoast SEO plugin. -->","yoast_head_json":{"title":"Pol\u00edtica de Cookies &#187; Zummo","robots":{"index":"index","follow":"follow","max-snippet":"max-snippet:-1","max-image-preview":"max-image-preview:large","max-video-preview":"max-video-preview:-1"},"canonical":"https:\/\/portfolio.360br.com.br\/zummo_2025\/politica-de-cookies\/","og_locale":"pt_BR","og_type":"article","og_title":"Pol\u00edtica de Cookies &#187; Zummo","og_description":"Pol\u00edtica de Cookies Em Zummo Innovaciones Mec\u00e1nicas, S.A. Usamos cookies para oferecer um servi\u00e7o melhor e proporcionar uma melhor experi\u00eancia de navega\u00e7\u00e3o. Queremos inform\u00e1-lo de forma clara e precisa sobre os cookies que usamos, detalhando abaixo, o que \u00e9 um cookie, para que serve, que tipos de cookies usamos, qual \u00e9 o seu prop\u00f3sito e [&hellip;]","og_url":"https:\/\/portfolio.360br.com.br\/zummo_2025\/politica-de-cookies\/","og_site_name":"Zummo","article_modified_time":"2025-05-06T13:58:32+00:00","twitter_card":"summary_large_image","twitter_misc":{"Est. tempo de leitura":"6 minutos"},"schema":{"@context":"https:\/\/schema.org","@graph":[{"@type":"WebPage","@id":"https:\/\/portfolio.360br.com.br\/zummo_2025\/politica-de-cookies\/","url":"https:\/\/portfolio.360br.com.br\/zummo_2025\/politica-de-cookies\/","name":"Pol\u00edtica de Cookies &#187; Zummo","isPartOf":{"@id":"https:\/\/portfolio.360br.com.br\/zummo_2025\/#website"},"datePublished":"2025-05-06T13:41:28+00:00","dateModified":"2025-05-06T13:58:32+00:00","breadcrumb":{"@id":"https:\/\/portfolio.360br.com.br\/zummo_2025\/politica-de-cookies\/#breadcrumb"},"inLanguage":"pt-BR","potentialAction":[{"@type":"ReadAction","target":["https:\/\/portfolio.360br.com.br\/zummo_2025\/politica-de-cookies\/"]}]},{"@type":"BreadcrumbList","@id":"https:\/\/portfolio.360br.com.br\/zummo_2025\/politica-de-cookies\/#breadcrumb","itemListElement":[{"@type":"ListItem","position":1,"name":"Home","item":"https:\/\/portfolio.360br.com.br\/zummo_2025\/"},{"@type":"ListItem","position":2,"name":"Pol\u00edtica de Cookies"}]},{"@type":"WebSite","@id":"https:\/\/portfolio.360br.com.br\/zummo_2025\/#website","url":"https:\/\/portfolio.360br.com.br\/zummo_2025\/","name":"Zummo","description":"Buscamos melhorar a vida das pessoas por meio da inova\u00e7\u00e3o, qualidade e sustentabilidade. Estamos constantemente explorando novas maneiras de agregar valor ao futuro do bem-estar.","publisher":{"@id":"https:\/\/portfolio.360br.com.br\/zummo_2025\/#organization"},"potentialAction":[{"@type":"SearchAction","target":{"@type":"EntryPoint","urlTemplate":"https:\/\/portfolio.360br.com.br\/zummo_2025\/?s={search_term_string}"},"query-input":{"@type":"PropertyValueSpecification","valueRequired":true,"valueName":"search_term_string"}}],"inLanguage":"pt-BR"},{"@type":"Organization","@id":"https:\/\/portfolio.360br.com.br\/zummo_2025\/#organization","name":"Zummo","url":"https:\/\/portfolio.360br.com.br\/zummo_2025\/","logo":{"@type":"ImageObject","inLanguage":"pt-BR","@id":"https:\/\/portfolio.360br.com.br\/zummo_2025\/#\/schema\/logo\/image\/","url":"https:\/\/portfolio.360br.com.br\/zummo_2025\/wp-content\/uploads\/2025\/04\/logo_zummo_menu.png","contentUrl":"https:\/\/portfolio.360br.com.br\/zummo_2025\/wp-content\/uploads\/2025\/04\/logo_zummo_menu.png","width":390,"height":68,"caption":"Zummo"},"image":{"@id":"https:\/\/portfolio.360br.com.br\/zummo_2025\/#\/schema\/logo\/image\/"}}]}},"_links":{"self":[{"href":"https:\/\/portfolio.360br.com.br\/zummo_2025\/wp-json\/wp\/v2\/pages\/1795","targetHints":{"allow":["GET"]}}],"collection":[{"href":"https:\/\/portfolio.360br.com.br\/zummo_2025\/wp-json\/wp\/v2\/pages"}],"about":[{"href":"https:\/\/portfolio.360br.com.br\/zummo_2025\/wp-json\/wp\/v2\/types\/page"}],"author":[{"embeddable":true,"href":"https:\/\/portfolio.360br.com.br\/zummo_2025\/wp-json\/wp\/v2\/users\/1"}],"replies":[{"embeddable":true,"href":"https:\/\/portfolio.360br.com.br\/zummo_2025\/wp-json\/wp\/v2\/comments?post=1795"}],"version-history":[{"count":10,"href":"https:\/\/portfolio.360br.com.br\/zummo_2025\/wp-json\/wp\/v2\/pages\/1795\/revisions"}],"predecessor-version":[{"id":1807,"href":"https:\/\/portfolio.360br.com.br\/zummo_2025\/wp-json\/wp\/v2\/pages\/1795\/revisions\/1807"}],"wp:attachment":[{"href":"https:\/\/portfolio.360br.com.br\/zummo_2025\/wp-json\/wp\/v2\/media?parent=1795"}],"curies":[{"name":"wp","href":"https:\/\/api.w.org\/{rel}","templated":true}]}}