{"id":1786,"date":"2025-05-06T10:32:08","date_gmt":"2025-05-06T13:32:08","guid":{"rendered":"https:\/\/portfolio.360br.com.br\/zummo_2025\/?page_id=1786"},"modified":"2025-05-06T10:38:10","modified_gmt":"2025-05-06T13:38:10","slug":"politica-de-privacidade-2","status":"publish","type":"page","link":"https:\/\/portfolio.360br.com.br\/zummo_2025\/politica-de-privacidade-2\/","title":{"rendered":"Pol\u00edtica de Privacidade"},"content":{"rendered":"\t\t<div data-elementor-type=\"wp-page\" data-elementor-id=\"1786\" class=\"elementor elementor-1786\" data-elementor-settings=\"{&quot;ha_cmc_init_switcher&quot;:&quot;no&quot;}\" data-elementor-post-type=\"page\">\n\t\t\t\t<div class=\"elementor-element elementor-element-222d396c e-con-full e-flex e-con e-parent\" data-id=\"222d396c\" data-element_type=\"container\" data-e-type=\"container\" data-settings=\"{&quot;background_background&quot;:&quot;classic&quot;,&quot;_ha_eqh_enable&quot;:false}\">\n\t\t<div class=\"elementor-element elementor-element-48f07db4 e-flex e-con-boxed e-con e-child\" data-id=\"48f07db4\" data-element_type=\"container\" data-e-type=\"container\" data-settings=\"{&quot;_ha_eqh_enable&quot;:false}\">\n\t\t\t\t\t<div class=\"e-con-inner\">\n\t\t\t\t<div class=\"elementor-element elementor-element-7e308ff9 elementor-align-left elementor-widget elementor-widget-breadcrumbs\" data-id=\"7e308ff9\" data-element_type=\"widget\" data-e-type=\"widget\" data-widget_type=\"breadcrumbs.default\">\n\t\t\t\t<div class=\"elementor-widget-container\">\n\t\t\t\t\t<p id=\"breadcrumbs\"><span><span><a href=\"https:\/\/portfolio.360br.com.br\/zummo_2025\/\">Home<\/a><\/span><\/span><\/p>\t\t\t\t<\/div>\n\t\t\t\t<\/div>\n\t\t\t\t\t<\/div>\n\t\t\t\t<\/div>\n\t\t\t\t<\/div>\n\t\t<div class=\"elementor-element elementor-element-7dca9f4 e-flex e-con-boxed e-con e-parent\" data-id=\"7dca9f4\" data-element_type=\"container\" data-e-type=\"container\" data-settings=\"{&quot;_ha_eqh_enable&quot;:false}\">\n\t\t\t\t\t<div class=\"e-con-inner\">\n\t\t<div class=\"elementor-element elementor-element-207104f e-con-full e-flex e-con e-child\" data-id=\"207104f\" data-element_type=\"container\" data-e-type=\"container\" data-settings=\"{&quot;_ha_eqh_enable&quot;:false}\">\n\t\t\t\t<div class=\"elementor-element elementor-element-6e53658 elementor-widget elementor-widget-heading\" data-id=\"6e53658\" data-element_type=\"widget\" data-e-type=\"widget\" data-widget_type=\"heading.default\">\n\t\t\t\t<div class=\"elementor-widget-container\">\n\t\t\t\t\t<h4 class=\"elementor-heading-title elementor-size-default\">Pol\u00edtica de Privacidade<\/h4>\t\t\t\t<\/div>\n\t\t\t\t<\/div>\n\t\t\t\t<div class=\"elementor-element elementor-element-280584b elementor-widget elementor-widget-text-editor\" data-id=\"280584b\" data-element_type=\"widget\" data-e-type=\"widget\" data-widget_type=\"text-editor.default\">\n\t\t\t\t<div class=\"elementor-widget-container\">\n\t\t\t\t\t\t\t\t\t<h5><strong>Objeto<\/strong><\/h5><p>Esta p\u00e1gina web foi concebida para divulgar os servi\u00e7os oferecidos pela empresa ZUMMO INNOVACIONES MEC\u00c1NICAS, S.A. com CIF A-96 \/ 112.024, com sede em C \/ C\u00e1diz, 4; CEP 46113 de Moncada, Valencia (Espanha).<\/p><h5><strong>Propriedade Intelectual e Industrial<\/strong><\/h5><p>Direitos de propriedade intelectual de p\u00e1gina www.zummocorp.com, seu c\u00f3digo fonte, design, estrutura de navega\u00e7\u00e3o e os v\u00e1rios elementos nele contidas s\u00e3o de propriedade da Zummo c\u00f3digo-inova\u00e7\u00f5es MEC\u00c1NICAS, SA, que tem o exerc\u00edcio exclusivo dos direitos explora\u00e7\u00e3o do mesmo em qualquer forma e, especialmente, os direitos de reprodu\u00e7\u00e3o, distribui\u00e7\u00e3o, comunica\u00e7\u00e3o p\u00fablica e transforma\u00e7\u00e3o, de acordo com a legisla\u00e7\u00e3o espanhola e a Uni\u00e3o Europ\u00e9ia aplic\u00e1vel.<\/p><h5><strong>Conte\u00fados<\/strong><\/h5><p>Este site fornece informa\u00e7\u00f5es sobre servi\u00e7os destinados ao conhecimento p\u00fablico que, em qualquer caso, estar\u00e3o sujeitos aos termos e condi\u00e7\u00f5es expressamente detalhados em todos os momentos e que s\u00e3o acess\u00edveis a partir deste site, que estar\u00e1 sujeito \u00e0s v\u00e1rias disposi\u00e7\u00f5es legais de candidatura.<\/p><h5><strong>Acessar e usar<\/strong><\/h5><p>Este site fornece informa\u00e7\u00f5es sobre servi\u00e7os destinados ao conhecimento p\u00fablico que, em qualquer caso, estar\u00e3o sujeitos aos termos e condi\u00e7\u00f5es expressamente detalhados em todos os momentos e que s\u00e3o acess\u00edveis a partir deste site, que estar\u00e1 sujeito \u00e0s v\u00e1rias disposi\u00e7\u00f5es legais de candidatura.<\/p><h5><strong>Acessar e usar<\/strong><\/h5><p>Tanto o acesso a este site, como o uso que pode ser feito das informa\u00e7\u00f5es e conte\u00fados inclu\u00eddos nele, ser\u00e3o de responsabilidade exclusiva da pessoa que o realizar.<\/p><p>As condi\u00e7\u00f5es de acesso a esta Web estar\u00e3o sujeitos \u00e0 lei e os princ\u00edpios da boa f\u00e9 e uso legal por parte do utilizador do mesmo, \u00e9 proibido, geralmente, qualquer a\u00e7\u00e3o em detrimento da Zummo-inova\u00e7\u00f5es MEC\u00c1NICAS S.A.<\/p><p>O uso deste site para fins ilegais ou n\u00e3o autorizados ser\u00e1 considerado estritamente proibido.<\/p><h5><strong>Responsabilidade<\/strong><\/h5><p>ZUMMO-INNOVACIONES MEC\u00c1NICAS, S.A. n\u00e3o \u00e9 respons\u00e1vel, sob nenhuma circunst\u00e2ncia, por qualquer tipo de dano que os usu\u00e1rios possam causar a este site, ou qualquer outro, pelo seu uso ilegal ou impr\u00f3prio, ou pelo conte\u00fado e informa\u00e7\u00f5es acess\u00edveis ou facilitadas por ele.<\/p><h5><strong>Servi\u00e7o<\/strong><\/h5><p>ZUMMO-INNOVACIONES MEC\u00c1NICAS, S.A. reserva-se o direito de suspender o acesso ao seu site, sem aviso pr\u00e9vio, de forma discricion\u00e1ria e tempor\u00e1ria, por raz\u00f5es t\u00e9cnicas ou por qualquer outro motivo, e tamb\u00e9m pode unilateralmente modificar as condi\u00e7\u00f5es de acesso, como todo ou parte do conte\u00fado nele inclu\u00eddo.<\/p><h5><strong>Prote\u00e7\u00e3o de dados<\/strong><\/h5><p>De acordo com a Lei Org\u00e2nica 15\/1999 de 13 de dezembro, Prote\u00e7\u00e3o de Dados Pessoais (LOPD), os dados fornecidos pelo usu\u00e1rio ser\u00e3o incorporados em arquivos automatizados, que ser\u00e3o processados \u200b\u200bexclusivamente para o prop\u00f3sito descrito, como especifique na legenda anexada a cada formul\u00e1rio.<\/p><p>Os dados que ser\u00e3o coletados atrav\u00e9s dos formul\u00e1rios correspondentes conter\u00e3o apenas os campos essenciais para poder fornecer o servi\u00e7o ou as informa\u00e7\u00f5es exigidas pelo usu\u00e1rio. Os dados pessoais ser\u00e3o tratados com o grau apropriado de prote\u00e7\u00e3o, de acordo com o Real Decreto 1720\/2007 de 21 de dezembro, tomando as medidas de seguran\u00e7a necess\u00e1rias para impedir a altera\u00e7\u00e3o, perda, tratamento ou acesso n\u00e3o autorizado por terceiros. pode usar para diferentes prop\u00f3sitos para aqueles que foram solicitados ao usu\u00e1rio. Como \u00fanico respons\u00e1vel pelo arquivo, ZUMMO-INNOVACIONES MEC\u00c1NICAS, S.A. compromete-se a cumprir sua obriga\u00e7\u00e3o de sigilo de dados pessoais e seu dever de mant\u00ea-los, e tomar as medidas necess\u00e1rias para evitar a altera\u00e7\u00e3o, perda, tratamento ou acesso n\u00e3o autorizado, tendo em conta em todos os momentos o estado da tecnologia .<\/p><p>Finalmente, o usu\u00e1rio pode exercer seus direitos de oposi\u00e7\u00e3o, acesso, retifica\u00e7\u00e3o e cancelamento em conformidade com as disposi\u00e7\u00f5es do LOPD, ou para qualquer consulta ou coment\u00e1rio pessoal a esse respeito, sem que, em qualquer caso, este servi\u00e7o envolva qualquer considera\u00e7\u00e3o.<\/p><p>Da mesma forma, em conformidade com o artigo 21 da Lei 34\/2002, de 11 de julho, sobre Servi\u00e7os da Sociedade da Informa\u00e7\u00e3o e Com\u00e9rcio Eletr\u00f4nico, ZUMMO-INNOVACIONES MEC\u00c1NICAS, S.A. n\u00e3o enviar por e-mail comunica\u00e7\u00f5es publicit\u00e1rias que n\u00e3o tenham sido autorizadas pelos usu\u00e1rios. Quando ZUMMOINNOVACIONES MEC\u00c1NICAS, S.A. ter o consentimento expresso do destinat\u00e1rio para receber comunica\u00e7\u00e3o comercial por e-mail, a palavra \u201cpublicidade\u201d aparecer\u00e1 no in\u00edcio da mensagem.<\/p><h5><strong>Geral<\/strong><\/h5><p>Para qualquer quest\u00e3o litigiosa ou que incidental ao site da zummocorp.com, a lei espanhola ser\u00e1 aplic\u00e1vel, sendo competente para a resolu\u00e7\u00e3o de todos os conflitos decorrentes ou relacionados com o uso deste site, os tribunais e tribunais do domic\u00edlio do utilizador<\/p><p>O acesso ao site da zummocorp.com implica a aceita\u00e7\u00e3o de todas as condi\u00e7\u00f5es previamente expressas.<\/p><h5><strong>Hiperlinks<\/strong><\/h5><p>Os hiperlinks contidos no site zummocorp.com podem ser direcionados para sites de terceiros. zummocorp.com n\u00e3o assume nenhuma responsabilidade pelo conte\u00fado, informa\u00e7\u00e3o ou servi\u00e7os que possam aparecer nesses sites, que ser\u00e3o exclusivamente informativos e em nenhum caso implicam qualquer rela\u00e7\u00e3o entre zummocorp.com e as pessoas ou entidades que det\u00eam tal conte\u00fado ou propriet\u00e1rios de os lugares onde eles est\u00e3o.<\/p>\t\t\t\t\t\t\t\t<\/div>\n\t\t\t\t<\/div>\n\t\t\t\t<\/div>\n\t\t\t\t\t<\/div>\n\t\t\t\t<\/div>\n\t\t\t\t<\/div>\n\t\t","protected":false},"excerpt":{"rendered":"<p>Pol\u00edtica de Privacidade Objeto Esta p\u00e1gina web foi concebida para divulgar os servi\u00e7os oferecidos pela empresa ZUMMO INNOVACIONES MEC\u00c1NICAS, S.A. com CIF A-96 \/ 112.024, com sede em C \/ C\u00e1diz, 4; CEP 46113 de Moncada, Valencia (Espanha). Propriedade Intelectual e Industrial Direitos de propriedade intelectual de p\u00e1gina www.zummocorp.com, seu c\u00f3digo fonte, design, estrutura de [&hellip;]<\/p>\n","protected":false},"author":1,"featured_media":0,"parent":0,"menu_order":0,"comment_status":"closed","ping_status":"closed","template":"","meta":{"_joinchat":[],"footnotes":""},"class_list":["post-1786","page","type-page","status-publish","hentry"],"yoast_head":"<!-- This site is optimized with the Yoast SEO plugin v27.4 - https:\/\/yoast.com\/product\/yoast-seo-wordpress\/ -->\n<title>Pol\u00edtica de Privacidade &#187; Zummo<\/title>\n<meta name=\"robots\" content=\"index, follow, max-snippet:-1, max-image-preview:large, max-video-preview:-1\" \/>\n<link rel=\"canonical\" href=\"https:\/\/portfolio.360br.com.br\/zummo_2025\/politica-de-privacidade-2\/\" \/>\n<meta property=\"og:locale\" content=\"pt_BR\" \/>\n<meta property=\"og:type\" content=\"article\" \/>\n<meta property=\"og:title\" content=\"Pol\u00edtica de Privacidade &#187; Zummo\" \/>\n<meta property=\"og:description\" content=\"Pol\u00edtica de Privacidade Objeto Esta p\u00e1gina web foi concebida para divulgar os servi\u00e7os oferecidos pela empresa ZUMMO INNOVACIONES MEC\u00c1NICAS, S.A. com CIF A-96 \/ 112.024, com sede em C \/ C\u00e1diz, 4; CEP 46113 de Moncada, Valencia (Espanha). Propriedade Intelectual e Industrial Direitos de propriedade intelectual de p\u00e1gina www.zummocorp.com, seu c\u00f3digo fonte, design, estrutura de [&hellip;]\" \/>\n<meta property=\"og:url\" content=\"https:\/\/portfolio.360br.com.br\/zummo_2025\/politica-de-privacidade-2\/\" \/>\n<meta property=\"og:site_name\" content=\"Zummo\" \/>\n<meta property=\"article:modified_time\" content=\"2025-05-06T13:38:10+00:00\" \/>\n<meta name=\"twitter:card\" content=\"summary_large_image\" \/>\n<meta name=\"twitter:label1\" content=\"Est. tempo de leitura\" \/>\n\t<meta name=\"twitter:data1\" content=\"5 minutos\" \/>\n<script type=\"application\/ld+json\" class=\"yoast-schema-graph\">{\"@context\":\"https:\\\/\\\/schema.org\",\"@graph\":[{\"@type\":\"WebPage\",\"@id\":\"https:\\\/\\\/portfolio.360br.com.br\\\/zummo_2025\\\/politica-de-privacidade-2\\\/\",\"url\":\"https:\\\/\\\/portfolio.360br.com.br\\\/zummo_2025\\\/politica-de-privacidade-2\\\/\",\"name\":\"Pol\u00edtica de Privacidade &#187; Zummo\",\"isPartOf\":{\"@id\":\"https:\\\/\\\/portfolio.360br.com.br\\\/zummo_2025\\\/#website\"},\"datePublished\":\"2025-05-06T13:32:08+00:00\",\"dateModified\":\"2025-05-06T13:38:10+00:00\",\"breadcrumb\":{\"@id\":\"https:\\\/\\\/portfolio.360br.com.br\\\/zummo_2025\\\/politica-de-privacidade-2\\\/#breadcrumb\"},\"inLanguage\":\"pt-BR\",\"potentialAction\":[{\"@type\":\"ReadAction\",\"target\":[\"https:\\\/\\\/portfolio.360br.com.br\\\/zummo_2025\\\/politica-de-privacidade-2\\\/\"]}]},{\"@type\":\"BreadcrumbList\",\"@id\":\"https:\\\/\\\/portfolio.360br.com.br\\\/zummo_2025\\\/politica-de-privacidade-2\\\/#breadcrumb\",\"itemListElement\":[{\"@type\":\"ListItem\",\"position\":1,\"name\":\"Home\",\"item\":\"https:\\\/\\\/portfolio.360br.com.br\\\/zummo_2025\\\/\"},{\"@type\":\"ListItem\",\"position\":2,\"name\":\"Pol\u00edtica de Privacidade\"}]},{\"@type\":\"WebSite\",\"@id\":\"https:\\\/\\\/portfolio.360br.com.br\\\/zummo_2025\\\/#website\",\"url\":\"https:\\\/\\\/portfolio.360br.com.br\\\/zummo_2025\\\/\",\"name\":\"Zummo\",\"description\":\"Buscamos melhorar a vida das pessoas por meio da inova\u00e7\u00e3o, qualidade e sustentabilidade. Estamos constantemente explorando novas maneiras de agregar valor ao futuro do bem-estar.\",\"publisher\":{\"@id\":\"https:\\\/\\\/portfolio.360br.com.br\\\/zummo_2025\\\/#organization\"},\"potentialAction\":[{\"@type\":\"SearchAction\",\"target\":{\"@type\":\"EntryPoint\",\"urlTemplate\":\"https:\\\/\\\/portfolio.360br.com.br\\\/zummo_2025\\\/?s={search_term_string}\"},\"query-input\":{\"@type\":\"PropertyValueSpecification\",\"valueRequired\":true,\"valueName\":\"search_term_string\"}}],\"inLanguage\":\"pt-BR\"},{\"@type\":\"Organization\",\"@id\":\"https:\\\/\\\/portfolio.360br.com.br\\\/zummo_2025\\\/#organization\",\"name\":\"Zummo\",\"url\":\"https:\\\/\\\/portfolio.360br.com.br\\\/zummo_2025\\\/\",\"logo\":{\"@type\":\"ImageObject\",\"inLanguage\":\"pt-BR\",\"@id\":\"https:\\\/\\\/portfolio.360br.com.br\\\/zummo_2025\\\/#\\\/schema\\\/logo\\\/image\\\/\",\"url\":\"https:\\\/\\\/portfolio.360br.com.br\\\/zummo_2025\\\/wp-content\\\/uploads\\\/2025\\\/04\\\/logo_zummo_menu.png\",\"contentUrl\":\"https:\\\/\\\/portfolio.360br.com.br\\\/zummo_2025\\\/wp-content\\\/uploads\\\/2025\\\/04\\\/logo_zummo_menu.png\",\"width\":390,\"height\":68,\"caption\":\"Zummo\"},\"image\":{\"@id\":\"https:\\\/\\\/portfolio.360br.com.br\\\/zummo_2025\\\/#\\\/schema\\\/logo\\\/image\\\/\"}}]}<\/script>\n<!-- \/ Yoast SEO plugin. -->","yoast_head_json":{"title":"Pol\u00edtica de Privacidade &#187; Zummo","robots":{"index":"index","follow":"follow","max-snippet":"max-snippet:-1","max-image-preview":"max-image-preview:large","max-video-preview":"max-video-preview:-1"},"canonical":"https:\/\/portfolio.360br.com.br\/zummo_2025\/politica-de-privacidade-2\/","og_locale":"pt_BR","og_type":"article","og_title":"Pol\u00edtica de Privacidade &#187; Zummo","og_description":"Pol\u00edtica de Privacidade Objeto Esta p\u00e1gina web foi concebida para divulgar os servi\u00e7os oferecidos pela empresa ZUMMO INNOVACIONES MEC\u00c1NICAS, S.A. com CIF A-96 \/ 112.024, com sede em C \/ C\u00e1diz, 4; CEP 46113 de Moncada, Valencia (Espanha). Propriedade Intelectual e Industrial Direitos de propriedade intelectual de p\u00e1gina www.zummocorp.com, seu c\u00f3digo fonte, design, estrutura de [&hellip;]","og_url":"https:\/\/portfolio.360br.com.br\/zummo_2025\/politica-de-privacidade-2\/","og_site_name":"Zummo","article_modified_time":"2025-05-06T13:38:10+00:00","twitter_card":"summary_large_image","twitter_misc":{"Est. tempo de leitura":"5 minutos"},"schema":{"@context":"https:\/\/schema.org","@graph":[{"@type":"WebPage","@id":"https:\/\/portfolio.360br.com.br\/zummo_2025\/politica-de-privacidade-2\/","url":"https:\/\/portfolio.360br.com.br\/zummo_2025\/politica-de-privacidade-2\/","name":"Pol\u00edtica de Privacidade &#187; Zummo","isPartOf":{"@id":"https:\/\/portfolio.360br.com.br\/zummo_2025\/#website"},"datePublished":"2025-05-06T13:32:08+00:00","dateModified":"2025-05-06T13:38:10+00:00","breadcrumb":{"@id":"https:\/\/portfolio.360br.com.br\/zummo_2025\/politica-de-privacidade-2\/#breadcrumb"},"inLanguage":"pt-BR","potentialAction":[{"@type":"ReadAction","target":["https:\/\/portfolio.360br.com.br\/zummo_2025\/politica-de-privacidade-2\/"]}]},{"@type":"BreadcrumbList","@id":"https:\/\/portfolio.360br.com.br\/zummo_2025\/politica-de-privacidade-2\/#breadcrumb","itemListElement":[{"@type":"ListItem","position":1,"name":"Home","item":"https:\/\/portfolio.360br.com.br\/zummo_2025\/"},{"@type":"ListItem","position":2,"name":"Pol\u00edtica de Privacidade"}]},{"@type":"WebSite","@id":"https:\/\/portfolio.360br.com.br\/zummo_2025\/#website","url":"https:\/\/portfolio.360br.com.br\/zummo_2025\/","name":"Zummo","description":"Buscamos melhorar a vida das pessoas por meio da inova\u00e7\u00e3o, qualidade e sustentabilidade. Estamos constantemente explorando novas maneiras de agregar valor ao futuro do bem-estar.","publisher":{"@id":"https:\/\/portfolio.360br.com.br\/zummo_2025\/#organization"},"potentialAction":[{"@type":"SearchAction","target":{"@type":"EntryPoint","urlTemplate":"https:\/\/portfolio.360br.com.br\/zummo_2025\/?s={search_term_string}"},"query-input":{"@type":"PropertyValueSpecification","valueRequired":true,"valueName":"search_term_string"}}],"inLanguage":"pt-BR"},{"@type":"Organization","@id":"https:\/\/portfolio.360br.com.br\/zummo_2025\/#organization","name":"Zummo","url":"https:\/\/portfolio.360br.com.br\/zummo_2025\/","logo":{"@type":"ImageObject","inLanguage":"pt-BR","@id":"https:\/\/portfolio.360br.com.br\/zummo_2025\/#\/schema\/logo\/image\/","url":"https:\/\/portfolio.360br.com.br\/zummo_2025\/wp-content\/uploads\/2025\/04\/logo_zummo_menu.png","contentUrl":"https:\/\/portfolio.360br.com.br\/zummo_2025\/wp-content\/uploads\/2025\/04\/logo_zummo_menu.png","width":390,"height":68,"caption":"Zummo"},"image":{"@id":"https:\/\/portfolio.360br.com.br\/zummo_2025\/#\/schema\/logo\/image\/"}}]}},"_links":{"self":[{"href":"https:\/\/portfolio.360br.com.br\/zummo_2025\/wp-json\/wp\/v2\/pages\/1786","targetHints":{"allow":["GET"]}}],"collection":[{"href":"https:\/\/portfolio.360br.com.br\/zummo_2025\/wp-json\/wp\/v2\/pages"}],"about":[{"href":"https:\/\/portfolio.360br.com.br\/zummo_2025\/wp-json\/wp\/v2\/types\/page"}],"author":[{"embeddable":true,"href":"https:\/\/portfolio.360br.com.br\/zummo_2025\/wp-json\/wp\/v2\/users\/1"}],"replies":[{"embeddable":true,"href":"https:\/\/portfolio.360br.com.br\/zummo_2025\/wp-json\/wp\/v2\/comments?post=1786"}],"version-history":[{"count":6,"href":"https:\/\/portfolio.360br.com.br\/zummo_2025\/wp-json\/wp\/v2\/pages\/1786\/revisions"}],"predecessor-version":[{"id":1793,"href":"https:\/\/portfolio.360br.com.br\/zummo_2025\/wp-json\/wp\/v2\/pages\/1786\/revisions\/1793"}],"wp:attachment":[{"href":"https:\/\/portfolio.360br.com.br\/zummo_2025\/wp-json\/wp\/v2\/media?parent=1786"}],"curies":[{"name":"wp","href":"https:\/\/api.w.org\/{rel}","templated":true}]}}