{"id":1343,"date":"2025-05-05T11:24:47","date_gmt":"2025-05-05T14:24:47","guid":{"rendered":"https:\/\/portfolio.360br.com.br\/zummo_2025\/?page_id=1343"},"modified":"2025-05-05T11:51:03","modified_gmt":"2025-05-05T14:51:03","slug":"catalogo","status":"publish","type":"page","link":"https:\/\/portfolio.360br.com.br\/zummo_2025\/catalogo\/","title":{"rendered":"Cat\u00e1logo"},"content":{"rendered":"\t\t<div data-elementor-type=\"wp-page\" data-elementor-id=\"1343\" class=\"elementor elementor-1343\" data-elementor-settings=\"{&quot;ha_cmc_init_switcher&quot;:&quot;no&quot;}\" data-elementor-post-type=\"page\">\n\t\t\t\t<div class=\"elementor-element elementor-element-608fdebb e-con-full e-flex e-con e-parent\" data-id=\"608fdebb\" data-element_type=\"container\" data-e-type=\"container\" data-settings=\"{&quot;background_background&quot;:&quot;classic&quot;,&quot;_ha_eqh_enable&quot;:false}\">\n\t\t<div class=\"elementor-element elementor-element-53f1b728 e-flex e-con-boxed e-con e-child\" data-id=\"53f1b728\" data-element_type=\"container\" data-e-type=\"container\" data-settings=\"{&quot;_ha_eqh_enable&quot;:false}\">\n\t\t\t\t\t<div class=\"e-con-inner\">\n\t\t\t\t<div class=\"elementor-element elementor-element-7111b2dc elementor-align-left elementor-widget elementor-widget-breadcrumbs\" data-id=\"7111b2dc\" data-element_type=\"widget\" data-e-type=\"widget\" data-widget_type=\"breadcrumbs.default\">\n\t\t\t\t<div class=\"elementor-widget-container\">\n\t\t\t\t\t<p id=\"breadcrumbs\"><span><span><a href=\"https:\/\/portfolio.360br.com.br\/zummo_2025\/\">Home<\/a><\/span><\/span><\/p>\t\t\t\t<\/div>\n\t\t\t\t<\/div>\n\t\t\t\t\t<\/div>\n\t\t\t\t<\/div>\n\t\t\t\t<\/div>\n\t\t<div class=\"elementor-element elementor-element-6435812e e-flex e-con-boxed e-con e-parent\" data-id=\"6435812e\" data-element_type=\"container\" data-e-type=\"container\" data-settings=\"{&quot;_ha_eqh_enable&quot;:false}\">\n\t\t\t\t\t<div class=\"e-con-inner\">\n\t\t<div class=\"elementor-element elementor-element-1fef3812 e-con-full e-flex e-con e-child\" data-id=\"1fef3812\" data-element_type=\"container\" data-e-type=\"container\" data-settings=\"{&quot;_ha_eqh_enable&quot;:false}\">\n\t\t\t\t<div class=\"elementor-element elementor-element-10878e5 elementor-widget elementor-widget-heading\" data-id=\"10878e5\" data-element_type=\"widget\" data-e-type=\"widget\" data-widget_type=\"heading.default\">\n\t\t\t\t<div class=\"elementor-widget-container\">\n\t\t\t\t\t<h2 class=\"elementor-heading-title elementor-size-default\">Cat\u00e1logo<\/h2>\t\t\t\t<\/div>\n\t\t\t\t<\/div>\n\t\t\t\t<div class=\"elementor-element elementor-element-fb60acc elementor-widget__width-initial elementor-widget-mobile__width-inherit elementor-widget elementor-widget-text-editor\" data-id=\"fb60acc\" data-element_type=\"widget\" data-e-type=\"widget\" data-widget_type=\"text-editor.default\">\n\t\t\t\t<div class=\"elementor-widget-container\">\n\t\t\t\t\t\t\t\t\t<p>Todos os cat\u00e1logos comerciais e cada m\u00e1quina ao seu alcance, para que voc\u00ea possa espremer at\u00e9 o \u00faltimo argumento de venda.<\/p>\t\t\t\t\t\t\t\t<\/div>\n\t\t\t\t<\/div>\n\t\t<div class=\"elementor-element elementor-element-06b8464 e-con-full e-flex e-con e-child\" data-id=\"06b8464\" data-element_type=\"container\" data-e-type=\"container\" data-settings=\"{&quot;_ha_eqh_enable&quot;:false}\">\n\t\t<div class=\"elementor-element elementor-element-9aacc2d e-con-full e-flex e-con e-child\" data-id=\"9aacc2d\" data-element_type=\"container\" data-e-type=\"container\" data-settings=\"{&quot;_ha_eqh_enable&quot;:false}\">\n\t\t\t\t<div class=\"elementor-element elementor-element-56c1e62 elementor-widget elementor-widget-image\" data-id=\"56c1e62\" data-element_type=\"widget\" data-e-type=\"widget\" data-widget_type=\"image.default\">\n\t\t\t\t<div class=\"elementor-widget-container\">\n\t\t\t\t\t\t\t\t\t\t\t\t\t\t\t<img fetchpriority=\"high\" decoding=\"async\" width=\"325\" height=\"455\" src=\"https:\/\/portfolio.360br.com.br\/zummo_2025\/wp-content\/uploads\/2025\/05\/capa-folder-zummo.jpg\" class=\"attachment-full size-full wp-image-1355\" alt=\"Capa folder Zummo\" srcset=\"https:\/\/portfolio.360br.com.br\/zummo_2025\/wp-content\/uploads\/2025\/05\/capa-folder-zummo.jpg 325w, https:\/\/portfolio.360br.com.br\/zummo_2025\/wp-content\/uploads\/2025\/05\/capa-folder-zummo-214x300.jpg 214w\" sizes=\"(max-width: 325px) 100vw, 325px\" \/>\t\t\t\t\t\t\t\t\t\t\t\t\t\t\t<\/div>\n\t\t\t\t<\/div>\n\t\t\t\t<div class=\"elementor-element elementor-element-6f2aa6b elementor-widget elementor-widget-heading\" data-id=\"6f2aa6b\" data-element_type=\"widget\" data-e-type=\"widget\" data-widget_type=\"heading.default\">\n\t\t\t\t<div class=\"elementor-widget-container\">\n\t\t\t\t\t<h2 class=\"elementor-heading-title elementor-size-default\">Cat\u00e1logo Geral<\/h2>\t\t\t\t<\/div>\n\t\t\t\t<\/div>\n\t\t\t\t<div class=\"elementor-element elementor-element-7f08e7a elementor-align-start elementor-icon-list--layout-traditional elementor-list-item-link-full_width elementor-widget elementor-widget-icon-list\" data-id=\"7f08e7a\" data-element_type=\"widget\" data-e-type=\"widget\" data-widget_type=\"icon-list.default\">\n\t\t\t\t<div class=\"elementor-widget-container\">\n\t\t\t\t\t\t\t<ul class=\"elementor-icon-list-items\">\n\t\t\t\t\t\t\t<li class=\"elementor-icon-list-item\">\n\t\t\t\t\t\t\t\t\t\t\t<a href=\"https:\/\/portfolio.360br.com.br\/zummo_2025\/wp-content\/uploads\/2025\/05\/folder-nature-A4.pdf\" target=\"_blank\">\n\n\t\t\t\t\t\t\t\t\t\t\t\t<span class=\"elementor-icon-list-icon\">\n\t\t\t\t\t\t\t<i aria-hidden=\"true\" class=\"huge huge-download-04\"><\/i>\t\t\t\t\t\t<\/span>\n\t\t\t\t\t\t\t\t\t\t<span class=\"elementor-icon-list-text\">Download<\/span>\n\t\t\t\t\t\t\t\t\t\t\t<\/a>\n\t\t\t\t\t\t\t\t\t<\/li>\n\t\t\t\t\t\t<\/ul>\n\t\t\t\t\t\t<\/div>\n\t\t\t\t<\/div>\n\t\t\t\t<\/div>\n\t\t<div class=\"elementor-element elementor-element-048f24f e-con-full e-flex e-con e-child\" data-id=\"048f24f\" data-element_type=\"container\" data-e-type=\"container\" data-settings=\"{&quot;_ha_eqh_enable&quot;:false}\">\n\t\t\t\t<div class=\"elementor-element elementor-element-25cfa01 elementor-widget elementor-widget-image\" data-id=\"25cfa01\" data-element_type=\"widget\" data-e-type=\"widget\" data-widget_type=\"image.default\">\n\t\t\t\t<div class=\"elementor-widget-container\">\n\t\t\t\t\t\t\t\t\t\t\t\t\t\t\t<img decoding=\"async\" width=\"325\" height=\"455\" src=\"https:\/\/portfolio.360br.com.br\/zummo_2025\/wp-content\/uploads\/2025\/05\/capa-folder-viva.jpg\" class=\"attachment-full size-full wp-image-1361\" alt=\"Capa folder Viva\" srcset=\"https:\/\/portfolio.360br.com.br\/zummo_2025\/wp-content\/uploads\/2025\/05\/capa-folder-viva.jpg 325w, https:\/\/portfolio.360br.com.br\/zummo_2025\/wp-content\/uploads\/2025\/05\/capa-folder-viva-214x300.jpg 214w\" sizes=\"(max-width: 325px) 100vw, 325px\" \/>\t\t\t\t\t\t\t\t\t\t\t\t\t\t\t<\/div>\n\t\t\t\t<\/div>\n\t\t\t\t<div class=\"elementor-element elementor-element-961ea96 elementor-widget elementor-widget-heading\" data-id=\"961ea96\" data-element_type=\"widget\" data-e-type=\"widget\" data-widget_type=\"heading.default\">\n\t\t\t\t<div class=\"elementor-widget-container\">\n\t\t\t\t\t<h2 class=\"elementor-heading-title elementor-size-default\">Cat\u00e1logo Viva<\/h2>\t\t\t\t<\/div>\n\t\t\t\t<\/div>\n\t\t\t\t<div class=\"elementor-element elementor-element-1edd955 elementor-align-start elementor-icon-list--layout-traditional elementor-list-item-link-full_width elementor-widget elementor-widget-icon-list\" data-id=\"1edd955\" data-element_type=\"widget\" data-e-type=\"widget\" data-widget_type=\"icon-list.default\">\n\t\t\t\t<div class=\"elementor-widget-container\">\n\t\t\t\t\t\t\t<ul class=\"elementor-icon-list-items\">\n\t\t\t\t\t\t\t<li class=\"elementor-icon-list-item\">\n\t\t\t\t\t\t\t\t\t\t\t<a href=\"https:\/\/portfolio.360br.com.br\/zummo_2025\/wp-content\/uploads\/2025\/05\/catalogo-viva.pdf\" target=\"_blank\">\n\n\t\t\t\t\t\t\t\t\t\t\t\t<span class=\"elementor-icon-list-icon\">\n\t\t\t\t\t\t\t<i aria-hidden=\"true\" class=\"huge huge-download-04\"><\/i>\t\t\t\t\t\t<\/span>\n\t\t\t\t\t\t\t\t\t\t<span class=\"elementor-icon-list-text\">Download<\/span>\n\t\t\t\t\t\t\t\t\t\t\t<\/a>\n\t\t\t\t\t\t\t\t\t<\/li>\n\t\t\t\t\t\t<\/ul>\n\t\t\t\t\t\t<\/div>\n\t\t\t\t<\/div>\n\t\t\t\t<\/div>\n\t\t<div class=\"elementor-element elementor-element-abbd28d e-con-full e-flex e-con e-child\" data-id=\"abbd28d\" data-element_type=\"container\" data-e-type=\"container\" data-settings=\"{&quot;_ha_eqh_enable&quot;:false}\">\n\t\t\t\t<div class=\"elementor-element elementor-element-7c55b63 elementor-widget elementor-widget-image\" data-id=\"7c55b63\" data-element_type=\"widget\" data-e-type=\"widget\" data-widget_type=\"image.default\">\n\t\t\t\t<div class=\"elementor-widget-container\">\n\t\t\t\t\t\t\t\t\t\t\t\t\t\t\t<img decoding=\"async\" width=\"325\" height=\"455\" src=\"https:\/\/portfolio.360br.com.br\/zummo_2025\/wp-content\/uploads\/2025\/05\/capa-folder-isla.jpg\" class=\"attachment-full size-full wp-image-1367\" alt=\"\" srcset=\"https:\/\/portfolio.360br.com.br\/zummo_2025\/wp-content\/uploads\/2025\/05\/capa-folder-isla.jpg 325w, https:\/\/portfolio.360br.com.br\/zummo_2025\/wp-content\/uploads\/2025\/05\/capa-folder-isla-214x300.jpg 214w\" sizes=\"(max-width: 325px) 100vw, 325px\" \/>\t\t\t\t\t\t\t\t\t\t\t\t\t\t\t<\/div>\n\t\t\t\t<\/div>\n\t\t\t\t<div class=\"elementor-element elementor-element-fae2125 elementor-widget elementor-widget-heading\" data-id=\"fae2125\" data-element_type=\"widget\" data-e-type=\"widget\" data-widget_type=\"heading.default\">\n\t\t\t\t<div class=\"elementor-widget-container\">\n\t\t\t\t\t<h2 class=\"elementor-heading-title elementor-size-default\">Cat\u00e1logo Isla<\/h2>\t\t\t\t<\/div>\n\t\t\t\t<\/div>\n\t\t\t\t<div class=\"elementor-element elementor-element-54dc37a elementor-align-start elementor-icon-list--layout-traditional elementor-list-item-link-full_width elementor-widget elementor-widget-icon-list\" data-id=\"54dc37a\" data-element_type=\"widget\" data-e-type=\"widget\" data-widget_type=\"icon-list.default\">\n\t\t\t\t<div class=\"elementor-widget-container\">\n\t\t\t\t\t\t\t<ul class=\"elementor-icon-list-items\">\n\t\t\t\t\t\t\t<li class=\"elementor-icon-list-item\">\n\t\t\t\t\t\t\t\t\t\t\t<a href=\"https:\/\/portfolio.360br.com.br\/zummo_2025\/wp-content\/uploads\/2025\/05\/catalogo-isla.pdf\" target=\"_blank\">\n\n\t\t\t\t\t\t\t\t\t\t\t\t<span class=\"elementor-icon-list-icon\">\n\t\t\t\t\t\t\t<i aria-hidden=\"true\" class=\"huge huge-download-04\"><\/i>\t\t\t\t\t\t<\/span>\n\t\t\t\t\t\t\t\t\t\t<span class=\"elementor-icon-list-text\">Download<\/span>\n\t\t\t\t\t\t\t\t\t\t\t<\/a>\n\t\t\t\t\t\t\t\t\t<\/li>\n\t\t\t\t\t\t<\/ul>\n\t\t\t\t\t\t<\/div>\n\t\t\t\t<\/div>\n\t\t\t\t<\/div>\n\t\t\t\t<\/div>\n\t\t\t\t<\/div>\n\t\t\t\t\t<\/div>\n\t\t\t\t<\/div>\n\t\t\t\t<\/div>\n\t\t","protected":false},"excerpt":{"rendered":"<p>Cat\u00e1logo Todos os cat\u00e1logos comerciais e cada m\u00e1quina ao seu alcance, para que voc\u00ea possa espremer at\u00e9 o \u00faltimo argumento de venda. Cat\u00e1logo Geral Download Cat\u00e1logo Viva Download Cat\u00e1logo Isla Download<\/p>\n","protected":false},"author":1,"featured_media":0,"parent":0,"menu_order":0,"comment_status":"closed","ping_status":"closed","template":"","meta":{"_joinchat":[],"footnotes":""},"class_list":["post-1343","page","type-page","status-publish","hentry"],"yoast_head":"<!-- This site is optimized with the Yoast SEO plugin v27.4 - https:\/\/yoast.com\/product\/yoast-seo-wordpress\/ -->\n<title>Cat\u00e1logo &#187; Zummo<\/title>\n<meta name=\"robots\" content=\"index, follow, max-snippet:-1, max-image-preview:large, max-video-preview:-1\" \/>\n<link rel=\"canonical\" href=\"https:\/\/portfolio.360br.com.br\/zummo_2025\/catalogo\/\" \/>\n<meta property=\"og:locale\" content=\"pt_BR\" \/>\n<meta property=\"og:type\" content=\"article\" \/>\n<meta property=\"og:title\" content=\"Cat\u00e1logo &#187; Zummo\" \/>\n<meta property=\"og:description\" content=\"Cat\u00e1logo Todos os cat\u00e1logos comerciais e cada m\u00e1quina ao seu alcance, para que voc\u00ea possa espremer at\u00e9 o \u00faltimo argumento de venda. Cat\u00e1logo Geral Download Cat\u00e1logo Viva Download Cat\u00e1logo Isla Download\" \/>\n<meta property=\"og:url\" content=\"https:\/\/portfolio.360br.com.br\/zummo_2025\/catalogo\/\" \/>\n<meta property=\"og:site_name\" content=\"Zummo\" \/>\n<meta property=\"article:modified_time\" content=\"2025-05-05T14:51:03+00:00\" \/>\n<meta property=\"og:image\" content=\"https:\/\/portfolio.360br.com.br\/zummo_2025\/wp-content\/uploads\/2025\/05\/capa-folder-zummo.jpg\" \/>\n\t<meta property=\"og:image:width\" content=\"325\" \/>\n\t<meta property=\"og:image:height\" content=\"455\" \/>\n\t<meta property=\"og:image:type\" content=\"image\/jpeg\" \/>\n<meta name=\"twitter:card\" content=\"summary_large_image\" \/>\n<meta name=\"twitter:label1\" content=\"Est. tempo de leitura\" \/>\n\t<meta name=\"twitter:data1\" content=\"1 minuto\" \/>\n<script type=\"application\/ld+json\" class=\"yoast-schema-graph\">{\"@context\":\"https:\\\/\\\/schema.org\",\"@graph\":[{\"@type\":\"WebPage\",\"@id\":\"https:\\\/\\\/portfolio.360br.com.br\\\/zummo_2025\\\/catalogo\\\/\",\"url\":\"https:\\\/\\\/portfolio.360br.com.br\\\/zummo_2025\\\/catalogo\\\/\",\"name\":\"Cat\u00e1logo &#187; Zummo\",\"isPartOf\":{\"@id\":\"https:\\\/\\\/portfolio.360br.com.br\\\/zummo_2025\\\/#website\"},\"primaryImageOfPage\":{\"@id\":\"https:\\\/\\\/portfolio.360br.com.br\\\/zummo_2025\\\/catalogo\\\/#primaryimage\"},\"image\":{\"@id\":\"https:\\\/\\\/portfolio.360br.com.br\\\/zummo_2025\\\/catalogo\\\/#primaryimage\"},\"thumbnailUrl\":\"https:\\\/\\\/portfolio.360br.com.br\\\/zummo_2025\\\/wp-content\\\/uploads\\\/2025\\\/05\\\/capa-folder-zummo.jpg\",\"datePublished\":\"2025-05-05T14:24:47+00:00\",\"dateModified\":\"2025-05-05T14:51:03+00:00\",\"breadcrumb\":{\"@id\":\"https:\\\/\\\/portfolio.360br.com.br\\\/zummo_2025\\\/catalogo\\\/#breadcrumb\"},\"inLanguage\":\"pt-BR\",\"potentialAction\":[{\"@type\":\"ReadAction\",\"target\":[\"https:\\\/\\\/portfolio.360br.com.br\\\/zummo_2025\\\/catalogo\\\/\"]}]},{\"@type\":\"ImageObject\",\"inLanguage\":\"pt-BR\",\"@id\":\"https:\\\/\\\/portfolio.360br.com.br\\\/zummo_2025\\\/catalogo\\\/#primaryimage\",\"url\":\"https:\\\/\\\/portfolio.360br.com.br\\\/zummo_2025\\\/wp-content\\\/uploads\\\/2025\\\/05\\\/capa-folder-zummo.jpg\",\"contentUrl\":\"https:\\\/\\\/portfolio.360br.com.br\\\/zummo_2025\\\/wp-content\\\/uploads\\\/2025\\\/05\\\/capa-folder-zummo.jpg\",\"width\":325,\"height\":455,\"caption\":\"Capa folder Zummo\"},{\"@type\":\"BreadcrumbList\",\"@id\":\"https:\\\/\\\/portfolio.360br.com.br\\\/zummo_2025\\\/catalogo\\\/#breadcrumb\",\"itemListElement\":[{\"@type\":\"ListItem\",\"position\":1,\"name\":\"Home\",\"item\":\"https:\\\/\\\/portfolio.360br.com.br\\\/zummo_2025\\\/\"},{\"@type\":\"ListItem\",\"position\":2,\"name\":\"Cat\u00e1logo\"}]},{\"@type\":\"WebSite\",\"@id\":\"https:\\\/\\\/portfolio.360br.com.br\\\/zummo_2025\\\/#website\",\"url\":\"https:\\\/\\\/portfolio.360br.com.br\\\/zummo_2025\\\/\",\"name\":\"Zummo\",\"description\":\"Buscamos melhorar a vida das pessoas por meio da inova\u00e7\u00e3o, qualidade e sustentabilidade. Estamos constantemente explorando novas maneiras de agregar valor ao futuro do bem-estar.\",\"publisher\":{\"@id\":\"https:\\\/\\\/portfolio.360br.com.br\\\/zummo_2025\\\/#organization\"},\"potentialAction\":[{\"@type\":\"SearchAction\",\"target\":{\"@type\":\"EntryPoint\",\"urlTemplate\":\"https:\\\/\\\/portfolio.360br.com.br\\\/zummo_2025\\\/?s={search_term_string}\"},\"query-input\":{\"@type\":\"PropertyValueSpecification\",\"valueRequired\":true,\"valueName\":\"search_term_string\"}}],\"inLanguage\":\"pt-BR\"},{\"@type\":\"Organization\",\"@id\":\"https:\\\/\\\/portfolio.360br.com.br\\\/zummo_2025\\\/#organization\",\"name\":\"Zummo\",\"url\":\"https:\\\/\\\/portfolio.360br.com.br\\\/zummo_2025\\\/\",\"logo\":{\"@type\":\"ImageObject\",\"inLanguage\":\"pt-BR\",\"@id\":\"https:\\\/\\\/portfolio.360br.com.br\\\/zummo_2025\\\/#\\\/schema\\\/logo\\\/image\\\/\",\"url\":\"https:\\\/\\\/portfolio.360br.com.br\\\/zummo_2025\\\/wp-content\\\/uploads\\\/2025\\\/04\\\/logo_zummo_menu.png\",\"contentUrl\":\"https:\\\/\\\/portfolio.360br.com.br\\\/zummo_2025\\\/wp-content\\\/uploads\\\/2025\\\/04\\\/logo_zummo_menu.png\",\"width\":390,\"height\":68,\"caption\":\"Zummo\"},\"image\":{\"@id\":\"https:\\\/\\\/portfolio.360br.com.br\\\/zummo_2025\\\/#\\\/schema\\\/logo\\\/image\\\/\"}}]}<\/script>\n<!-- \/ Yoast SEO plugin. -->","yoast_head_json":{"title":"Cat\u00e1logo &#187; Zummo","robots":{"index":"index","follow":"follow","max-snippet":"max-snippet:-1","max-image-preview":"max-image-preview:large","max-video-preview":"max-video-preview:-1"},"canonical":"https:\/\/portfolio.360br.com.br\/zummo_2025\/catalogo\/","og_locale":"pt_BR","og_type":"article","og_title":"Cat\u00e1logo &#187; Zummo","og_description":"Cat\u00e1logo Todos os cat\u00e1logos comerciais e cada m\u00e1quina ao seu alcance, para que voc\u00ea possa espremer at\u00e9 o \u00faltimo argumento de venda. Cat\u00e1logo Geral Download Cat\u00e1logo Viva Download Cat\u00e1logo Isla Download","og_url":"https:\/\/portfolio.360br.com.br\/zummo_2025\/catalogo\/","og_site_name":"Zummo","article_modified_time":"2025-05-05T14:51:03+00:00","og_image":[{"width":325,"height":455,"url":"https:\/\/portfolio.360br.com.br\/zummo_2025\/wp-content\/uploads\/2025\/05\/capa-folder-zummo.jpg","type":"image\/jpeg"}],"twitter_card":"summary_large_image","twitter_misc":{"Est. tempo de leitura":"1 minuto"},"schema":{"@context":"https:\/\/schema.org","@graph":[{"@type":"WebPage","@id":"https:\/\/portfolio.360br.com.br\/zummo_2025\/catalogo\/","url":"https:\/\/portfolio.360br.com.br\/zummo_2025\/catalogo\/","name":"Cat\u00e1logo &#187; Zummo","isPartOf":{"@id":"https:\/\/portfolio.360br.com.br\/zummo_2025\/#website"},"primaryImageOfPage":{"@id":"https:\/\/portfolio.360br.com.br\/zummo_2025\/catalogo\/#primaryimage"},"image":{"@id":"https:\/\/portfolio.360br.com.br\/zummo_2025\/catalogo\/#primaryimage"},"thumbnailUrl":"https:\/\/portfolio.360br.com.br\/zummo_2025\/wp-content\/uploads\/2025\/05\/capa-folder-zummo.jpg","datePublished":"2025-05-05T14:24:47+00:00","dateModified":"2025-05-05T14:51:03+00:00","breadcrumb":{"@id":"https:\/\/portfolio.360br.com.br\/zummo_2025\/catalogo\/#breadcrumb"},"inLanguage":"pt-BR","potentialAction":[{"@type":"ReadAction","target":["https:\/\/portfolio.360br.com.br\/zummo_2025\/catalogo\/"]}]},{"@type":"ImageObject","inLanguage":"pt-BR","@id":"https:\/\/portfolio.360br.com.br\/zummo_2025\/catalogo\/#primaryimage","url":"https:\/\/portfolio.360br.com.br\/zummo_2025\/wp-content\/uploads\/2025\/05\/capa-folder-zummo.jpg","contentUrl":"https:\/\/portfolio.360br.com.br\/zummo_2025\/wp-content\/uploads\/2025\/05\/capa-folder-zummo.jpg","width":325,"height":455,"caption":"Capa folder Zummo"},{"@type":"BreadcrumbList","@id":"https:\/\/portfolio.360br.com.br\/zummo_2025\/catalogo\/#breadcrumb","itemListElement":[{"@type":"ListItem","position":1,"name":"Home","item":"https:\/\/portfolio.360br.com.br\/zummo_2025\/"},{"@type":"ListItem","position":2,"name":"Cat\u00e1logo"}]},{"@type":"WebSite","@id":"https:\/\/portfolio.360br.com.br\/zummo_2025\/#website","url":"https:\/\/portfolio.360br.com.br\/zummo_2025\/","name":"Zummo","description":"Buscamos melhorar a vida das pessoas por meio da inova\u00e7\u00e3o, qualidade e sustentabilidade. Estamos constantemente explorando novas maneiras de agregar valor ao futuro do bem-estar.","publisher":{"@id":"https:\/\/portfolio.360br.com.br\/zummo_2025\/#organization"},"potentialAction":[{"@type":"SearchAction","target":{"@type":"EntryPoint","urlTemplate":"https:\/\/portfolio.360br.com.br\/zummo_2025\/?s={search_term_string}"},"query-input":{"@type":"PropertyValueSpecification","valueRequired":true,"valueName":"search_term_string"}}],"inLanguage":"pt-BR"},{"@type":"Organization","@id":"https:\/\/portfolio.360br.com.br\/zummo_2025\/#organization","name":"Zummo","url":"https:\/\/portfolio.360br.com.br\/zummo_2025\/","logo":{"@type":"ImageObject","inLanguage":"pt-BR","@id":"https:\/\/portfolio.360br.com.br\/zummo_2025\/#\/schema\/logo\/image\/","url":"https:\/\/portfolio.360br.com.br\/zummo_2025\/wp-content\/uploads\/2025\/04\/logo_zummo_menu.png","contentUrl":"https:\/\/portfolio.360br.com.br\/zummo_2025\/wp-content\/uploads\/2025\/04\/logo_zummo_menu.png","width":390,"height":68,"caption":"Zummo"},"image":{"@id":"https:\/\/portfolio.360br.com.br\/zummo_2025\/#\/schema\/logo\/image\/"}}]}},"_links":{"self":[{"href":"https:\/\/portfolio.360br.com.br\/zummo_2025\/wp-json\/wp\/v2\/pages\/1343","targetHints":{"allow":["GET"]}}],"collection":[{"href":"https:\/\/portfolio.360br.com.br\/zummo_2025\/wp-json\/wp\/v2\/pages"}],"about":[{"href":"https:\/\/portfolio.360br.com.br\/zummo_2025\/wp-json\/wp\/v2\/types\/page"}],"author":[{"embeddable":true,"href":"https:\/\/portfolio.360br.com.br\/zummo_2025\/wp-json\/wp\/v2\/users\/1"}],"replies":[{"embeddable":true,"href":"https:\/\/portfolio.360br.com.br\/zummo_2025\/wp-json\/wp\/v2\/comments?post=1343"}],"version-history":[{"count":22,"href":"https:\/\/portfolio.360br.com.br\/zummo_2025\/wp-json\/wp\/v2\/pages\/1343\/revisions"}],"predecessor-version":[{"id":1375,"href":"https:\/\/portfolio.360br.com.br\/zummo_2025\/wp-json\/wp\/v2\/pages\/1343\/revisions\/1375"}],"wp:attachment":[{"href":"https:\/\/portfolio.360br.com.br\/zummo_2025\/wp-json\/wp\/v2\/media?parent=1343"}],"curies":[{"name":"wp","href":"https:\/\/api.w.org\/{rel}","templated":true}]}}