{"id":384,"date":"2025-11-21T14:15:37","date_gmt":"2025-11-21T17:15:37","guid":{"rendered":"https:\/\/portfolio.360br.com.br\/associquim\/?page_id=384"},"modified":"2025-12-03T14:46:43","modified_gmt":"2025-12-03T17:46:43","slug":"sobre-a-associquim","status":"publish","type":"page","link":"https:\/\/portfolio.360br.com.br\/associquim\/sobre-a-associquim\/","title":{"rendered":"Sobre a Associquim"},"content":{"rendered":"\t\t<div data-elementor-type=\"wp-page\" data-elementor-id=\"384\" class=\"elementor elementor-384\" data-elementor-post-type=\"page\">\n\t\t\t\t<div class=\"elementor-element elementor-element-444da05 e-con-full e-flex e-con e-parent\" data-id=\"444da05\" data-element_type=\"container\" data-e-type=\"container\">\n\t\t\t\t<div class=\"elementor-element elementor-element-05c09ae elementor-widget elementor-widget-shortcode\" data-id=\"05c09ae\" data-element_type=\"widget\" data-e-type=\"widget\" data-widget_type=\"shortcode.default\">\n\t\t\t\t\t\t\t<div class=\"elementor-shortcode\">\t\t<div data-elementor-type=\"page\" data-elementor-id=\"373\" class=\"elementor elementor-373\" data-elementor-post-type=\"elementor_library\">\n\t\t\t\t<div class=\"elementor-element elementor-element-532e0f89 e-con-full e-flex e-con e-parent\" data-id=\"532e0f89\" data-element_type=\"container\" data-e-type=\"container\" data-settings=\"{&quot;background_background&quot;:&quot;classic&quot;}\">\n\t\t\t\t<div class=\"elementor-element elementor-element-5b594a58 elementor-align-center elementor-widget elementor-widget-breadcrumbs\" data-id=\"5b594a58\" data-element_type=\"widget\" data-e-type=\"widget\" data-widget_type=\"breadcrumbs.default\">\n\t\t\t\t\t<p id=\"breadcrumbs\"><span><span><a href=\"https:\/\/portfolio.360br.com.br\/associquim\/\">In\u00edcio<\/a><\/span><\/span><\/p>\t\t\t\t<\/div>\n\t\t\t\t<\/div>\n\t\t\t\t<\/div>\n\t\t<\/div>\n\t\t\t\t\t\t<\/div>\n\t\t\t\t<\/div>\n\t\t<div class=\"elementor-element elementor-element-5ebae07 e-flex e-con-boxed e-con e-parent\" data-id=\"5ebae07\" data-element_type=\"container\" data-e-type=\"container\" data-settings=\"{&quot;background_background&quot;:&quot;classic&quot;}\">\n\t\t\t\t\t<div class=\"e-con-inner\">\n\t\t<div class=\"elementor-element elementor-element-726ae48 e-con-full e-flex e-con e-child\" data-id=\"726ae48\" data-element_type=\"container\" data-e-type=\"container\" data-settings=\"{&quot;background_background&quot;:&quot;classic&quot;}\">\n\t\t\t\t<div class=\"elementor-element elementor-element-1007c7d elementor-widget elementor-widget-heading\" data-id=\"1007c7d\" data-element_type=\"widget\" data-e-type=\"widget\" data-widget_type=\"heading.default\">\n\t\t\t\t\t<h1 class=\"elementor-heading-title elementor-size-default\">Associquim Sincoquim<\/h1>\t\t\t\t<\/div>\n\t\t\t\t<div class=\"elementor-element elementor-element-38fd3f9 elementor-widget-divider--view-line elementor-widget elementor-widget-divider\" data-id=\"38fd3f9\" data-element_type=\"widget\" data-e-type=\"widget\" data-widget_type=\"divider.default\">\n\t\t\t\t\t\t\t<div class=\"elementor-divider\">\n\t\t\t<span class=\"elementor-divider-separator\">\n\t\t\t\t\t\t<\/span>\n\t\t<\/div>\n\t\t\t\t\t\t<\/div>\n\t\t\t\t<div class=\"elementor-element elementor-element-5411e7c elementor-widget elementor-widget-text-editor\" data-id=\"5411e7c\" data-element_type=\"widget\" data-e-type=\"widget\" data-widget_type=\"text-editor.default\">\n\t\t\t\t\t\t\t\t\t<p>A\u00a0<strong>ASSOCIQUIM &#8211; Associa\u00e7\u00e3o Brasileira dos Distribuidores de Produtos Qu\u00edmicos e Petroqu\u00edmicos<\/strong>, \u00e9 uma entidade civil, com atua\u00e7\u00e3o em \u00e2mbito nacional desde 1960 e tem como objetivo representar as empresas do setor, que fazem o link entre os produtores de insumos qu\u00edmicos e petroqu\u00edmicos e as micro, pequenas e m\u00e9dias ind\u00fastrias, desenvolvendo trabalhos e estudos, promovendo reuni\u00f5es e discuss\u00f5es a respeito das condi\u00e7\u00f5es nas quais se desenvolvem as atividades comerciais do segmento.<\/p><p>Ao longo desses anos a <strong>ASSOCIQUIM <\/strong>tem trabalhado para criar as ba\u00adses para o crescimento e a qualifica\u00e7\u00e3o da rede de distribuidores de produtos qu\u00edmicos e petroqu\u00edmicos brasileiros, que processam, formulam, misturam, reembalam, estocam, transportam e comercializam os produtos exclusivamente para clientes industriais e que hoje t\u00eam elevado grau de profissionalismo e responsabilidade com quest\u00f5es como log\u00edstica, sustentabilidade e com a seguran\u00e7a de seus colaboradores e com o meio ambiente.<\/p><p>A <strong>ASSOCIQUIM<\/strong>, ao adotar o <strong>PRODIR \u2013 Processo Distribui\u00e7\u00e3o Respons\u00e1vel<\/strong>, empreendeu uma a\u00e7\u00e3o que de certa forma alertou o mercado para mostrar o que est\u00e1 acontecendo nos pa\u00edses mais desenvolvidos do mundo e conscientizar toda a rede de dis\u00adtribui\u00e7\u00e3o brasileira de que este era o caminho e da import\u00e2ncia de ter uma cadeia de distribuidores realmente preocupada com este compromisso.<\/p><p>A distribui\u00e7\u00e3o \u00e9 o canal mais eficiente e fundamental para o produtor dos insumos alcan\u00e7ar os pequenos e m\u00e9dios clientes, uma vez que, atrav\u00e9s de sua capilaridade, cobre todo o mercado nacional, viabiliza a coloca\u00e7\u00e3o da produ\u00e7\u00e3o de forma eficiente, minimizando seus custos operacionais e comerciais, pois as grandes empresas operam com grandes quantidades e um distribuidor bem estruturado con\u00adsegue ter tancagem para armazenar produtos, manejar riscos, embalar e fracionar o produto, al\u00e9m de detectar as demandas e prospectar e novos clientes.<\/p><p>Por meio de recursos humanos qualificados presta assist\u00eancia t\u00e9cnica ao pe\u00adqueno consumidor, tanto na aplica\u00e7\u00e3o como na indica\u00e7\u00e3o dos produtos de melhor performance. Desenvolve e divulga no segmento das micro, pequenas e m\u00e9dias ind\u00fastrias as novas tecnologias em produtos e suas aplica\u00e7\u00f5es, de acordo com normas internacionais de qualidade.<\/p><p>A <strong>ASSOCIQUIM<\/strong> \u00e9 membro do <strong>ICTA<\/strong> \u2013 Interna\u00adtional Chemical Trade Association, entidade que congrega as Associa\u00e7\u00f5es de Distribuidores de Produtos Qu\u00edmicos internacionalmente, o que elevou seu patamar e a tornou reconhecida e respeitada mundialmente.<\/p><p><img fetchpriority=\"high\" decoding=\"async\" class=\"wp-image-2377 size-medium aligncenter\" src=\"https:\/\/www.associquim.org.br\/wp-content\/uploads\/2022\/02\/Associquim-300x212.png\" alt=\"\" width=\"300\" height=\"212\" \/><\/p>\t\t\t\t\t\t\t\t<\/div>\n\t\t\t\t<\/div>\n\t\t<div class=\"elementor-element elementor-element-da044c6 e-con-full e-flex e-con e-child\" data-id=\"da044c6\" data-element_type=\"container\" data-e-type=\"container\">\n\t\t<div class=\"elementor-element elementor-element-4a4c1246 e-con-full e-flex e-con e-child\" data-id=\"4a4c1246\" data-element_type=\"container\" data-e-type=\"container\" data-settings=\"{&quot;background_background&quot;:&quot;gradient&quot;}\">\n\t\t\t\t<div class=\"elementor-element elementor-element-2a7e5295 elementor-widget elementor-widget-heading\" data-id=\"2a7e5295\" data-element_type=\"widget\" data-e-type=\"widget\" data-widget_type=\"heading.default\">\n\t\t\t\t\t<h1 class=\"elementor-heading-title elementor-size-default\">Apresenta\u00e7\u00e3o<\/h1>\t\t\t\t<\/div>\n\t\t\t\t<div class=\"elementor-element elementor-element-169c35f3 elementor-widget elementor-widget-ha-creative-button happy-addon ha-creative-button\" data-id=\"169c35f3\" data-element_type=\"widget\" data-e-type=\"widget\" data-widget_type=\"ha-creative-button.default\">\n\t\t\t\t\t\t\t<div data-magnetic=\"no\" class=\"ha-creative-btn-wrap\">\n\t\t\t<a class=\"ha-creative-btn ha-stl--estilo ha-eft--dissolve\" href=\"https:\/\/portfolio.360br.com.br\/associquim\/wp-content\/uploads\/2025\/12\/Folder-Associquim.pdf\" target=\"_blank\">Saiba Mais<\/a>\n\t\t<\/div>\t\t\t\t<\/div>\n\t\t\t\t<\/div>\n\t\t\t\t<div class=\"elementor-element elementor-element-ad57914 elementor-widget elementor-widget-heading\" data-id=\"ad57914\" data-element_type=\"widget\" data-e-type=\"widget\" data-widget_type=\"heading.default\">\n\t\t\t\t\t<h3 class=\"elementor-heading-title elementor-size-default\">Conhe\u00e7a um Pouco Mais<\/h3>\t\t\t\t<\/div>\n\t\t\t\t<div class=\"elementor-element elementor-element-53d0745 ha-infobox-media-dir-top elementor-widget elementor-widget-ha-infobox happy-addon ha-infobox\" data-id=\"53d0745\" data-element_type=\"widget\" data-e-type=\"widget\" data-widget_type=\"ha-infobox.default\">\n\t\t\t\t\t\n\t\t\t\t\t<figure class=\"ha-infobox-figure ha-infobox-figure--icon\">\n\t\t\t\t<i class=\"hm hm-team-member\"><\/i>\t\t\t<\/figure>\n\t\t\n\t\t<div class=\"ha-infobox-body\">\n\t\t\t<h2 class=\"ha-infobox-title\">Diretoria<\/h2>\n\t\t\t\n\t\t\t<a class=\"ha-btn ha-btn--link\" href=\"#\"><span class=\"ha-btn-text\">Clique aqui<\/span><\/a>\t\t<\/div>\n\t\t\t\t\t\t<\/div>\n\t\t\t\t<div class=\"elementor-element elementor-element-d8cc11c ha-infobox-media-dir-top elementor-widget elementor-widget-ha-infobox happy-addon ha-infobox\" data-id=\"d8cc11c\" data-element_type=\"widget\" data-e-type=\"widget\" data-widget_type=\"ha-infobox.default\">\n\t\t\t\t\t\n\t\t\t\t\t<figure class=\"ha-infobox-figure ha-infobox-figure--icon\">\n\t\t\t\t<i class=\"huge huge-book-open-01\"><\/i>\t\t\t<\/figure>\n\t\t\n\t\t<div class=\"ha-infobox-body\">\n\t\t\t<h2 class=\"ha-infobox-title\">C\u00f3digo de \u00e9tica<\/h2>\n\t\t\t\n\t\t\t<a class=\"ha-btn ha-btn--link\" href=\"#\"><span class=\"ha-btn-text\">Clique aqui<\/span><\/a>\t\t<\/div>\n\t\t\t\t\t\t<\/div>\n\t\t\t\t<\/div>\n\t\t\t\t\t<\/div>\n\t\t\t\t<\/div>\n\t\t\t\t<\/div>\n\t\t","protected":false},"excerpt":{"rendered":"<p>Associquim Sincoquim A\u00a0ASSOCIQUIM &#8211; Associa\u00e7\u00e3o Brasileira dos Distribuidores de Produtos Qu\u00edmicos e Petroqu\u00edmicos, \u00e9 uma entidade civil, com atua\u00e7\u00e3o em \u00e2mbito nacional desde 1960 e tem como objetivo representar as empresas do setor, que fazem o link entre os produtores de insumos qu\u00edmicos e petroqu\u00edmicos e as micro, pequenas e m\u00e9dias ind\u00fastrias, desenvolvendo trabalhos e [&hellip;]<\/p>\n","protected":false},"author":1,"featured_media":0,"parent":0,"menu_order":0,"comment_status":"closed","ping_status":"closed","template":"","meta":{"footnotes":""},"class_list":["post-384","page","type-page","status-publish","hentry"],"yoast_head":"<!-- This site is optimized with the Yoast SEO plugin v27.5 - https:\/\/yoast.com\/product\/yoast-seo-wordpress\/ -->\n<title>Sobre a Associquim - Associquim Sincoquim<\/title>\n<meta name=\"robots\" content=\"index, follow, max-snippet:-1, max-image-preview:large, max-video-preview:-1\" \/>\n<link rel=\"canonical\" href=\"https:\/\/portfolio.360br.com.br\/associquim\/sobre-a-associquim\/\" \/>\n<meta property=\"og:locale\" content=\"pt_BR\" \/>\n<meta property=\"og:type\" content=\"article\" \/>\n<meta property=\"og:title\" content=\"Sobre a Associquim - Associquim Sincoquim\" \/>\n<meta property=\"og:description\" content=\"Associquim Sincoquim A\u00a0ASSOCIQUIM &#8211; Associa\u00e7\u00e3o Brasileira dos Distribuidores de Produtos Qu\u00edmicos e Petroqu\u00edmicos, \u00e9 uma entidade civil, com atua\u00e7\u00e3o em \u00e2mbito nacional desde 1960 e tem como objetivo representar as empresas do setor, que fazem o link entre os produtores de insumos qu\u00edmicos e petroqu\u00edmicos e as micro, pequenas e m\u00e9dias ind\u00fastrias, desenvolvendo trabalhos e [&hellip;]\" \/>\n<meta property=\"og:url\" content=\"https:\/\/portfolio.360br.com.br\/associquim\/sobre-a-associquim\/\" \/>\n<meta property=\"og:site_name\" content=\"Associquim Sincoquim\" \/>\n<meta property=\"article:modified_time\" content=\"2025-12-03T17:46:43+00:00\" \/>\n<meta name=\"twitter:card\" content=\"summary_large_image\" \/>\n<meta name=\"twitter:label1\" content=\"Est. tempo de leitura\" \/>\n\t<meta name=\"twitter:data1\" content=\"3 minutos\" \/>\n<script type=\"application\/ld+json\" class=\"yoast-schema-graph\">{\"@context\":\"https:\\\/\\\/schema.org\",\"@graph\":[{\"@type\":\"WebPage\",\"@id\":\"https:\\\/\\\/portfolio.360br.com.br\\\/associquim\\\/sobre-a-associquim\\\/\",\"url\":\"https:\\\/\\\/portfolio.360br.com.br\\\/associquim\\\/sobre-a-associquim\\\/\",\"name\":\"Sobre a Associquim - Associquim Sincoquim\",\"isPartOf\":{\"@id\":\"https:\\\/\\\/portfolio.360br.com.br\\\/associquim\\\/#website\"},\"primaryImageOfPage\":{\"@id\":\"https:\\\/\\\/portfolio.360br.com.br\\\/associquim\\\/sobre-a-associquim\\\/#primaryimage\"},\"image\":{\"@id\":\"https:\\\/\\\/portfolio.360br.com.br\\\/associquim\\\/sobre-a-associquim\\\/#primaryimage\"},\"thumbnailUrl\":\"https:\\\/\\\/www.associquim.org.br\\\/wp-content\\\/uploads\\\/2022\\\/02\\\/Associquim-300x212.png\",\"datePublished\":\"2025-11-21T17:15:37+00:00\",\"dateModified\":\"2025-12-03T17:46:43+00:00\",\"breadcrumb\":{\"@id\":\"https:\\\/\\\/portfolio.360br.com.br\\\/associquim\\\/sobre-a-associquim\\\/#breadcrumb\"},\"inLanguage\":\"pt-BR\",\"potentialAction\":[{\"@type\":\"ReadAction\",\"target\":[\"https:\\\/\\\/portfolio.360br.com.br\\\/associquim\\\/sobre-a-associquim\\\/\"]}]},{\"@type\":\"ImageObject\",\"inLanguage\":\"pt-BR\",\"@id\":\"https:\\\/\\\/portfolio.360br.com.br\\\/associquim\\\/sobre-a-associquim\\\/#primaryimage\",\"url\":\"https:\\\/\\\/www.associquim.org.br\\\/wp-content\\\/uploads\\\/2022\\\/02\\\/Associquim-300x212.png\",\"contentUrl\":\"https:\\\/\\\/www.associquim.org.br\\\/wp-content\\\/uploads\\\/2022\\\/02\\\/Associquim-300x212.png\"},{\"@type\":\"BreadcrumbList\",\"@id\":\"https:\\\/\\\/portfolio.360br.com.br\\\/associquim\\\/sobre-a-associquim\\\/#breadcrumb\",\"itemListElement\":[{\"@type\":\"ListItem\",\"position\":1,\"name\":\"In\u00edcio\",\"item\":\"https:\\\/\\\/portfolio.360br.com.br\\\/associquim\\\/\"},{\"@type\":\"ListItem\",\"position\":2,\"name\":\"Sobre a Associquim\"}]},{\"@type\":\"WebSite\",\"@id\":\"https:\\\/\\\/portfolio.360br.com.br\\\/associquim\\\/#website\",\"url\":\"https:\\\/\\\/portfolio.360br.com.br\\\/associquim\\\/\",\"name\":\"Associquim Sincoquim\",\"description\":\"A ASSOCIQUIM \u2013 Associa\u00e7\u00e3o Brasileira dos Distribuidores de Produtos Qu\u00edmicos e Petroqu\u00edmicos, \u00e9 uma entidade civil, com atua\u00e7\u00e3o em \u00e2mbito nacional desde 1960 e tem como objetivo representar as empresas do setor, que fazem o link entre os produtores de insumos qu\u00edmicos e petroqu\u00edmicos e as micro, pequenas e m\u00e9dias ind\u00fastrias, desenvolvendo trabalhos e estudos, promovendo reuni\u00f5es e discuss\u00f5es a respeito das condi\u00e7\u00f5es nas quais se desenvolvem as atividades comerciais do segmento.\",\"publisher\":{\"@id\":\"https:\\\/\\\/portfolio.360br.com.br\\\/associquim\\\/#organization\"},\"potentialAction\":[{\"@type\":\"SearchAction\",\"target\":{\"@type\":\"EntryPoint\",\"urlTemplate\":\"https:\\\/\\\/portfolio.360br.com.br\\\/associquim\\\/?s={search_term_string}\"},\"query-input\":{\"@type\":\"PropertyValueSpecification\",\"valueRequired\":true,\"valueName\":\"search_term_string\"}}],\"inLanguage\":\"pt-BR\"},{\"@type\":\"Organization\",\"@id\":\"https:\\\/\\\/portfolio.360br.com.br\\\/associquim\\\/#organization\",\"name\":\"Associquim Sincoquim\",\"url\":\"https:\\\/\\\/portfolio.360br.com.br\\\/associquim\\\/\",\"logo\":{\"@type\":\"ImageObject\",\"inLanguage\":\"pt-BR\",\"@id\":\"https:\\\/\\\/portfolio.360br.com.br\\\/associquim\\\/#\\\/schema\\\/logo\\\/image\\\/\",\"url\":\"https:\\\/\\\/portfolio.360br.com.br\\\/associquim\\\/wp-content\\\/uploads\\\/2025\\\/11\\\/logo-associquim.png\",\"contentUrl\":\"https:\\\/\\\/portfolio.360br.com.br\\\/associquim\\\/wp-content\\\/uploads\\\/2025\\\/11\\\/logo-associquim.png\",\"width\":213,\"height\":94,\"caption\":\"Associquim Sincoquim\"},\"image\":{\"@id\":\"https:\\\/\\\/portfolio.360br.com.br\\\/associquim\\\/#\\\/schema\\\/logo\\\/image\\\/\"}}]}<\/script>\n<!-- \/ Yoast SEO plugin. -->","yoast_head_json":{"title":"Sobre a Associquim - Associquim Sincoquim","robots":{"index":"index","follow":"follow","max-snippet":"max-snippet:-1","max-image-preview":"max-image-preview:large","max-video-preview":"max-video-preview:-1"},"canonical":"https:\/\/portfolio.360br.com.br\/associquim\/sobre-a-associquim\/","og_locale":"pt_BR","og_type":"article","og_title":"Sobre a Associquim - Associquim Sincoquim","og_description":"Associquim Sincoquim A\u00a0ASSOCIQUIM &#8211; Associa\u00e7\u00e3o Brasileira dos Distribuidores de Produtos Qu\u00edmicos e Petroqu\u00edmicos, \u00e9 uma entidade civil, com atua\u00e7\u00e3o em \u00e2mbito nacional desde 1960 e tem como objetivo representar as empresas do setor, que fazem o link entre os produtores de insumos qu\u00edmicos e petroqu\u00edmicos e as micro, pequenas e m\u00e9dias ind\u00fastrias, desenvolvendo trabalhos e [&hellip;]","og_url":"https:\/\/portfolio.360br.com.br\/associquim\/sobre-a-associquim\/","og_site_name":"Associquim Sincoquim","article_modified_time":"2025-12-03T17:46:43+00:00","twitter_card":"summary_large_image","twitter_misc":{"Est. tempo de leitura":"3 minutos"},"schema":{"@context":"https:\/\/schema.org","@graph":[{"@type":"WebPage","@id":"https:\/\/portfolio.360br.com.br\/associquim\/sobre-a-associquim\/","url":"https:\/\/portfolio.360br.com.br\/associquim\/sobre-a-associquim\/","name":"Sobre a Associquim - Associquim Sincoquim","isPartOf":{"@id":"https:\/\/portfolio.360br.com.br\/associquim\/#website"},"primaryImageOfPage":{"@id":"https:\/\/portfolio.360br.com.br\/associquim\/sobre-a-associquim\/#primaryimage"},"image":{"@id":"https:\/\/portfolio.360br.com.br\/associquim\/sobre-a-associquim\/#primaryimage"},"thumbnailUrl":"https:\/\/www.associquim.org.br\/wp-content\/uploads\/2022\/02\/Associquim-300x212.png","datePublished":"2025-11-21T17:15:37+00:00","dateModified":"2025-12-03T17:46:43+00:00","breadcrumb":{"@id":"https:\/\/portfolio.360br.com.br\/associquim\/sobre-a-associquim\/#breadcrumb"},"inLanguage":"pt-BR","potentialAction":[{"@type":"ReadAction","target":["https:\/\/portfolio.360br.com.br\/associquim\/sobre-a-associquim\/"]}]},{"@type":"ImageObject","inLanguage":"pt-BR","@id":"https:\/\/portfolio.360br.com.br\/associquim\/sobre-a-associquim\/#primaryimage","url":"https:\/\/www.associquim.org.br\/wp-content\/uploads\/2022\/02\/Associquim-300x212.png","contentUrl":"https:\/\/www.associquim.org.br\/wp-content\/uploads\/2022\/02\/Associquim-300x212.png"},{"@type":"BreadcrumbList","@id":"https:\/\/portfolio.360br.com.br\/associquim\/sobre-a-associquim\/#breadcrumb","itemListElement":[{"@type":"ListItem","position":1,"name":"In\u00edcio","item":"https:\/\/portfolio.360br.com.br\/associquim\/"},{"@type":"ListItem","position":2,"name":"Sobre a Associquim"}]},{"@type":"WebSite","@id":"https:\/\/portfolio.360br.com.br\/associquim\/#website","url":"https:\/\/portfolio.360br.com.br\/associquim\/","name":"Associquim Sincoquim","description":"A ASSOCIQUIM \u2013 Associa\u00e7\u00e3o Brasileira dos Distribuidores de Produtos Qu\u00edmicos e Petroqu\u00edmicos, \u00e9 uma entidade civil, com atua\u00e7\u00e3o em \u00e2mbito nacional desde 1960 e tem como objetivo representar as empresas do setor, que fazem o link entre os produtores de insumos qu\u00edmicos e petroqu\u00edmicos e as micro, pequenas e m\u00e9dias ind\u00fastrias, desenvolvendo trabalhos e estudos, promovendo reuni\u00f5es e discuss\u00f5es a respeito das condi\u00e7\u00f5es nas quais se desenvolvem as atividades comerciais do segmento.","publisher":{"@id":"https:\/\/portfolio.360br.com.br\/associquim\/#organization"},"potentialAction":[{"@type":"SearchAction","target":{"@type":"EntryPoint","urlTemplate":"https:\/\/portfolio.360br.com.br\/associquim\/?s={search_term_string}"},"query-input":{"@type":"PropertyValueSpecification","valueRequired":true,"valueName":"search_term_string"}}],"inLanguage":"pt-BR"},{"@type":"Organization","@id":"https:\/\/portfolio.360br.com.br\/associquim\/#organization","name":"Associquim Sincoquim","url":"https:\/\/portfolio.360br.com.br\/associquim\/","logo":{"@type":"ImageObject","inLanguage":"pt-BR","@id":"https:\/\/portfolio.360br.com.br\/associquim\/#\/schema\/logo\/image\/","url":"https:\/\/portfolio.360br.com.br\/associquim\/wp-content\/uploads\/2025\/11\/logo-associquim.png","contentUrl":"https:\/\/portfolio.360br.com.br\/associquim\/wp-content\/uploads\/2025\/11\/logo-associquim.png","width":213,"height":94,"caption":"Associquim Sincoquim"},"image":{"@id":"https:\/\/portfolio.360br.com.br\/associquim\/#\/schema\/logo\/image\/"}}]}},"_links":{"self":[{"href":"https:\/\/portfolio.360br.com.br\/associquim\/wp-json\/wp\/v2\/pages\/384","targetHints":{"allow":["GET"]}}],"collection":[{"href":"https:\/\/portfolio.360br.com.br\/associquim\/wp-json\/wp\/v2\/pages"}],"about":[{"href":"https:\/\/portfolio.360br.com.br\/associquim\/wp-json\/wp\/v2\/types\/page"}],"author":[{"embeddable":true,"href":"https:\/\/portfolio.360br.com.br\/associquim\/wp-json\/wp\/v2\/users\/1"}],"replies":[{"embeddable":true,"href":"https:\/\/portfolio.360br.com.br\/associquim\/wp-json\/wp\/v2\/comments?post=384"}],"version-history":[{"count":49,"href":"https:\/\/portfolio.360br.com.br\/associquim\/wp-json\/wp\/v2\/pages\/384\/revisions"}],"predecessor-version":[{"id":488,"href":"https:\/\/portfolio.360br.com.br\/associquim\/wp-json\/wp\/v2\/pages\/384\/revisions\/488"}],"wp:attachment":[{"href":"https:\/\/portfolio.360br.com.br\/associquim\/wp-json\/wp\/v2\/media?parent=384"}],"curies":[{"name":"wp","href":"https:\/\/api.w.org\/{rel}","templated":true}]}}