{"id":350,"date":"2025-11-21T13:42:19","date_gmt":"2025-11-21T16:42:19","guid":{"rendered":"https:\/\/portfolio.360br.com.br\/associquim\/?page_id=350"},"modified":"2025-11-21T14:37:48","modified_gmt":"2025-11-21T17:37:48","slug":"contato","status":"publish","type":"page","link":"https:\/\/portfolio.360br.com.br\/associquim\/contato\/","title":{"rendered":"Contato"},"content":{"rendered":"\t\t<div data-elementor-type=\"wp-page\" data-elementor-id=\"350\" class=\"elementor elementor-350\" data-elementor-post-type=\"page\">\n\t\t\t\t<div class=\"elementor-element elementor-element-c30decb e-con-full e-flex e-con e-parent\" data-id=\"c30decb\" data-element_type=\"container\" data-e-type=\"container\">\n\t\t\t\t<div class=\"elementor-element elementor-element-ec0f376 elementor-widget elementor-widget-shortcode\" data-id=\"ec0f376\" data-element_type=\"widget\" data-e-type=\"widget\" data-widget_type=\"shortcode.default\">\n\t\t\t\t\t\t\t<div class=\"elementor-shortcode\">\t\t<div data-elementor-type=\"page\" data-elementor-id=\"373\" class=\"elementor elementor-373\" data-elementor-post-type=\"elementor_library\">\n\t\t\t\t<div class=\"elementor-element elementor-element-532e0f89 e-con-full e-flex e-con e-parent\" data-id=\"532e0f89\" data-element_type=\"container\" data-e-type=\"container\" data-settings=\"{&quot;background_background&quot;:&quot;classic&quot;}\">\n\t\t\t\t<div class=\"elementor-element elementor-element-5b594a58 elementor-align-center elementor-widget elementor-widget-breadcrumbs\" data-id=\"5b594a58\" data-element_type=\"widget\" data-e-type=\"widget\" data-widget_type=\"breadcrumbs.default\">\n\t\t\t\t\t<p id=\"breadcrumbs\"><span><span><a href=\"https:\/\/portfolio.360br.com.br\/associquim\/\">In\u00edcio<\/a><\/span><\/span><\/p>\t\t\t\t<\/div>\n\t\t\t\t<\/div>\n\t\t\t\t<\/div>\n\t\t<\/div>\n\t\t\t\t\t\t<\/div>\n\t\t\t\t<\/div>\n\t\t<div class=\"elementor-element elementor-element-e8c0442 e-flex e-con-boxed e-con e-parent\" data-id=\"e8c0442\" data-element_type=\"container\" data-e-type=\"container\" data-settings=\"{&quot;background_background&quot;:&quot;classic&quot;}\">\n\t\t\t\t\t<div class=\"e-con-inner\">\n\t\t<div class=\"elementor-element elementor-element-f83d2a6 e-con-full e-flex e-con e-child\" data-id=\"f83d2a6\" data-element_type=\"container\" data-e-type=\"container\">\n\t\t\t\t<div class=\"elementor-element elementor-element-62b4a9f elementor-view-default elementor-position-block-start elementor-mobile-position-block-start elementor-widget elementor-widget-icon-box\" data-id=\"62b4a9f\" data-element_type=\"widget\" data-e-type=\"widget\" data-widget_type=\"icon-box.default\">\n\t\t\t\t\t\t\t<div class=\"elementor-icon-box-wrapper\">\n\n\t\t\t\t\t\t<div class=\"elementor-icon-box-icon\">\n\t\t\t\t<a href=\"https:\/\/maps.app.goo.gl\/9MoZdqt8fri2Brui6\" target=\"_blank\" class=\"elementor-icon\" tabindex=\"-1\" aria-label=\"Rua Maranh\u00e3o, 598 - 4\u00baandar - Higien\u00f3polis &lt;br&gt;S\u00e3o Paulo - SP \">\n\t\t\t\t<i aria-hidden=\"true\" class=\"huge huge-google-maps\"><\/i>\t\t\t\t<\/a>\n\t\t\t<\/div>\n\t\t\t\n\t\t\t\t\t\t<div class=\"elementor-icon-box-content\">\n\n\t\t\t\t\t\t\t\t\t<h3 class=\"elementor-icon-box-title\">\n\t\t\t\t\t\t<a href=\"https:\/\/maps.app.goo.gl\/9MoZdqt8fri2Brui6\" target=\"_blank\" >\n\t\t\t\t\t\t\tRua Maranh\u00e3o, 598 - 4\u00baandar - Higien\u00f3polis <br>S\u00e3o Paulo - SP \t\t\t\t\t\t<\/a>\n\t\t\t\t\t<\/h3>\n\t\t\t\t\n\t\t\t\t\n\t\t\t<\/div>\n\t\t\t\n\t\t<\/div>\n\t\t\t\t\t\t<\/div>\n\t\t\t\t<\/div>\n\t\t<div class=\"elementor-element elementor-element-fc8dfa9 e-con-full e-flex e-con e-child\" data-id=\"fc8dfa9\" data-element_type=\"container\" data-e-type=\"container\">\n\t\t\t\t<div class=\"elementor-element elementor-element-7f63706 elementor-view-default elementor-position-block-start elementor-mobile-position-block-start elementor-widget elementor-widget-icon-box\" data-id=\"7f63706\" data-element_type=\"widget\" data-e-type=\"widget\" data-widget_type=\"icon-box.default\">\n\t\t\t\t\t\t\t<div class=\"elementor-icon-box-wrapper\">\n\n\t\t\t\t\t\t<div class=\"elementor-icon-box-icon\">\n\t\t\t\t<span  class=\"elementor-icon\">\n\t\t\t\t<i aria-hidden=\"true\" class=\"huge huge-telephone\"><\/i>\t\t\t\t<\/span>\n\t\t\t<\/div>\n\t\t\t\n\t\t\t\t\t\t<div class=\"elementor-icon-box-content\">\n\n\t\t\t\t\t\t\t\t\t<h3 class=\"elementor-icon-box-title\">\n\t\t\t\t\t\t<span  >\n\t\t\t\t\t\t\t(11) 3665 3211\t\t\t\t\t\t<\/span>\n\t\t\t\t\t<\/h3>\n\t\t\t\t\n\t\t\t\t\n\t\t\t<\/div>\n\t\t\t\n\t\t<\/div>\n\t\t\t\t\t\t<\/div>\n\t\t\t\t<\/div>\n\t\t<div class=\"elementor-element elementor-element-d164315 e-con-full e-flex e-con e-child\" data-id=\"d164315\" data-element_type=\"container\" data-e-type=\"container\">\n\t\t\t\t<div class=\"elementor-element elementor-element-4cdb666 elementor-view-default elementor-position-block-start elementor-mobile-position-block-start elementor-widget elementor-widget-icon-box\" data-id=\"4cdb666\" data-element_type=\"widget\" data-e-type=\"widget\" data-widget_type=\"icon-box.default\">\n\t\t\t\t\t\t\t<div class=\"elementor-icon-box-wrapper\">\n\n\t\t\t\t\t\t<div class=\"elementor-icon-box-icon\">\n\t\t\t\t<a href=\"mailto:sincoquim@associquim.org.br\" target=\"_blank\" class=\"elementor-icon\" tabindex=\"-1\" aria-label=\"sincoquim@associquim.org.br\">\n\t\t\t\t<i aria-hidden=\"true\" class=\"huge huge-mail-01\"><\/i>\t\t\t\t<\/a>\n\t\t\t<\/div>\n\t\t\t\n\t\t\t\t\t\t<div class=\"elementor-icon-box-content\">\n\n\t\t\t\t\t\t\t\t\t<h3 class=\"elementor-icon-box-title\">\n\t\t\t\t\t\t<a href=\"mailto:sincoquim@associquim.org.br\" target=\"_blank\" >\n\t\t\t\t\t\t\tsincoquim@associquim.org.br\t\t\t\t\t\t<\/a>\n\t\t\t\t\t<\/h3>\n\t\t\t\t\n\t\t\t\t\n\t\t\t<\/div>\n\t\t\t\n\t\t<\/div>\n\t\t\t\t\t\t<\/div>\n\t\t\t\t<\/div>\n\t\t\t\t\t<\/div>\n\t\t\t\t<\/div>\n\t\t\t\t<\/div>\n\t\t","protected":false},"excerpt":{"rendered":"<p>Rua Maranh\u00e3o, 598 &#8211; 4\u00baandar &#8211; Higien\u00f3polis S\u00e3o Paulo &#8211; SP (11) 3665 3211 sincoquim@associquim.org.br<\/p>\n","protected":false},"author":1,"featured_media":0,"parent":0,"menu_order":0,"comment_status":"closed","ping_status":"closed","template":"","meta":{"footnotes":""},"class_list":["post-350","page","type-page","status-publish","hentry"],"yoast_head":"<!-- This site is optimized with the Yoast SEO plugin v27.5 - https:\/\/yoast.com\/product\/yoast-seo-wordpress\/ -->\n<title>Contato - Associquim Sincoquim<\/title>\n<meta name=\"robots\" content=\"index, follow, max-snippet:-1, max-image-preview:large, max-video-preview:-1\" \/>\n<link rel=\"canonical\" href=\"https:\/\/portfolio.360br.com.br\/associquim\/contato\/\" \/>\n<meta property=\"og:locale\" content=\"pt_BR\" \/>\n<meta property=\"og:type\" content=\"article\" \/>\n<meta property=\"og:title\" content=\"Contato - Associquim Sincoquim\" \/>\n<meta property=\"og:description\" content=\"Rua Maranh\u00e3o, 598 &#8211; 4\u00baandar &#8211; Higien\u00f3polis S\u00e3o Paulo &#8211; SP (11) 3665 3211 sincoquim@associquim.org.br\" \/>\n<meta property=\"og:url\" content=\"https:\/\/portfolio.360br.com.br\/associquim\/contato\/\" \/>\n<meta property=\"og:site_name\" content=\"Associquim Sincoquim\" \/>\n<meta property=\"article:modified_time\" content=\"2025-11-21T17:37:48+00:00\" \/>\n<meta name=\"twitter:card\" content=\"summary_large_image\" \/>\n<meta name=\"twitter:label1\" content=\"Est. tempo de leitura\" \/>\n\t<meta name=\"twitter:data1\" content=\"1 minuto\" \/>\n<script type=\"application\/ld+json\" class=\"yoast-schema-graph\">{\"@context\":\"https:\\\/\\\/schema.org\",\"@graph\":[{\"@type\":\"WebPage\",\"@id\":\"https:\\\/\\\/portfolio.360br.com.br\\\/associquim\\\/contato\\\/\",\"url\":\"https:\\\/\\\/portfolio.360br.com.br\\\/associquim\\\/contato\\\/\",\"name\":\"Contato - Associquim Sincoquim\",\"isPartOf\":{\"@id\":\"https:\\\/\\\/portfolio.360br.com.br\\\/associquim\\\/#website\"},\"datePublished\":\"2025-11-21T16:42:19+00:00\",\"dateModified\":\"2025-11-21T17:37:48+00:00\",\"breadcrumb\":{\"@id\":\"https:\\\/\\\/portfolio.360br.com.br\\\/associquim\\\/contato\\\/#breadcrumb\"},\"inLanguage\":\"pt-BR\",\"potentialAction\":[{\"@type\":\"ReadAction\",\"target\":[\"https:\\\/\\\/portfolio.360br.com.br\\\/associquim\\\/contato\\\/\"]}]},{\"@type\":\"BreadcrumbList\",\"@id\":\"https:\\\/\\\/portfolio.360br.com.br\\\/associquim\\\/contato\\\/#breadcrumb\",\"itemListElement\":[{\"@type\":\"ListItem\",\"position\":1,\"name\":\"In\u00edcio\",\"item\":\"https:\\\/\\\/portfolio.360br.com.br\\\/associquim\\\/\"},{\"@type\":\"ListItem\",\"position\":2,\"name\":\"Contato\"}]},{\"@type\":\"WebSite\",\"@id\":\"https:\\\/\\\/portfolio.360br.com.br\\\/associquim\\\/#website\",\"url\":\"https:\\\/\\\/portfolio.360br.com.br\\\/associquim\\\/\",\"name\":\"Associquim Sincoquim\",\"description\":\"A ASSOCIQUIM \u2013 Associa\u00e7\u00e3o Brasileira dos Distribuidores de Produtos Qu\u00edmicos e Petroqu\u00edmicos, \u00e9 uma entidade civil, com atua\u00e7\u00e3o em \u00e2mbito nacional desde 1960 e tem como objetivo representar as empresas do setor, que fazem o link entre os produtores de insumos qu\u00edmicos e petroqu\u00edmicos e as micro, pequenas e m\u00e9dias ind\u00fastrias, desenvolvendo trabalhos e estudos, promovendo reuni\u00f5es e discuss\u00f5es a respeito das condi\u00e7\u00f5es nas quais se desenvolvem as atividades comerciais do segmento.\",\"publisher\":{\"@id\":\"https:\\\/\\\/portfolio.360br.com.br\\\/associquim\\\/#organization\"},\"potentialAction\":[{\"@type\":\"SearchAction\",\"target\":{\"@type\":\"EntryPoint\",\"urlTemplate\":\"https:\\\/\\\/portfolio.360br.com.br\\\/associquim\\\/?s={search_term_string}\"},\"query-input\":{\"@type\":\"PropertyValueSpecification\",\"valueRequired\":true,\"valueName\":\"search_term_string\"}}],\"inLanguage\":\"pt-BR\"},{\"@type\":\"Organization\",\"@id\":\"https:\\\/\\\/portfolio.360br.com.br\\\/associquim\\\/#organization\",\"name\":\"Associquim Sincoquim\",\"url\":\"https:\\\/\\\/portfolio.360br.com.br\\\/associquim\\\/\",\"logo\":{\"@type\":\"ImageObject\",\"inLanguage\":\"pt-BR\",\"@id\":\"https:\\\/\\\/portfolio.360br.com.br\\\/associquim\\\/#\\\/schema\\\/logo\\\/image\\\/\",\"url\":\"https:\\\/\\\/portfolio.360br.com.br\\\/associquim\\\/wp-content\\\/uploads\\\/2025\\\/11\\\/logo-associquim.png\",\"contentUrl\":\"https:\\\/\\\/portfolio.360br.com.br\\\/associquim\\\/wp-content\\\/uploads\\\/2025\\\/11\\\/logo-associquim.png\",\"width\":213,\"height\":94,\"caption\":\"Associquim Sincoquim\"},\"image\":{\"@id\":\"https:\\\/\\\/portfolio.360br.com.br\\\/associquim\\\/#\\\/schema\\\/logo\\\/image\\\/\"}}]}<\/script>\n<!-- \/ Yoast SEO plugin. -->","yoast_head_json":{"title":"Contato - Associquim Sincoquim","robots":{"index":"index","follow":"follow","max-snippet":"max-snippet:-1","max-image-preview":"max-image-preview:large","max-video-preview":"max-video-preview:-1"},"canonical":"https:\/\/portfolio.360br.com.br\/associquim\/contato\/","og_locale":"pt_BR","og_type":"article","og_title":"Contato - Associquim Sincoquim","og_description":"Rua Maranh\u00e3o, 598 &#8211; 4\u00baandar &#8211; Higien\u00f3polis S\u00e3o Paulo &#8211; SP (11) 3665 3211 sincoquim@associquim.org.br","og_url":"https:\/\/portfolio.360br.com.br\/associquim\/contato\/","og_site_name":"Associquim Sincoquim","article_modified_time":"2025-11-21T17:37:48+00:00","twitter_card":"summary_large_image","twitter_misc":{"Est. tempo de leitura":"1 minuto"},"schema":{"@context":"https:\/\/schema.org","@graph":[{"@type":"WebPage","@id":"https:\/\/portfolio.360br.com.br\/associquim\/contato\/","url":"https:\/\/portfolio.360br.com.br\/associquim\/contato\/","name":"Contato - Associquim Sincoquim","isPartOf":{"@id":"https:\/\/portfolio.360br.com.br\/associquim\/#website"},"datePublished":"2025-11-21T16:42:19+00:00","dateModified":"2025-11-21T17:37:48+00:00","breadcrumb":{"@id":"https:\/\/portfolio.360br.com.br\/associquim\/contato\/#breadcrumb"},"inLanguage":"pt-BR","potentialAction":[{"@type":"ReadAction","target":["https:\/\/portfolio.360br.com.br\/associquim\/contato\/"]}]},{"@type":"BreadcrumbList","@id":"https:\/\/portfolio.360br.com.br\/associquim\/contato\/#breadcrumb","itemListElement":[{"@type":"ListItem","position":1,"name":"In\u00edcio","item":"https:\/\/portfolio.360br.com.br\/associquim\/"},{"@type":"ListItem","position":2,"name":"Contato"}]},{"@type":"WebSite","@id":"https:\/\/portfolio.360br.com.br\/associquim\/#website","url":"https:\/\/portfolio.360br.com.br\/associquim\/","name":"Associquim Sincoquim","description":"A ASSOCIQUIM \u2013 Associa\u00e7\u00e3o Brasileira dos Distribuidores de Produtos Qu\u00edmicos e Petroqu\u00edmicos, \u00e9 uma entidade civil, com atua\u00e7\u00e3o em \u00e2mbito nacional desde 1960 e tem como objetivo representar as empresas do setor, que fazem o link entre os produtores de insumos qu\u00edmicos e petroqu\u00edmicos e as micro, pequenas e m\u00e9dias ind\u00fastrias, desenvolvendo trabalhos e estudos, promovendo reuni\u00f5es e discuss\u00f5es a respeito das condi\u00e7\u00f5es nas quais se desenvolvem as atividades comerciais do segmento.","publisher":{"@id":"https:\/\/portfolio.360br.com.br\/associquim\/#organization"},"potentialAction":[{"@type":"SearchAction","target":{"@type":"EntryPoint","urlTemplate":"https:\/\/portfolio.360br.com.br\/associquim\/?s={search_term_string}"},"query-input":{"@type":"PropertyValueSpecification","valueRequired":true,"valueName":"search_term_string"}}],"inLanguage":"pt-BR"},{"@type":"Organization","@id":"https:\/\/portfolio.360br.com.br\/associquim\/#organization","name":"Associquim Sincoquim","url":"https:\/\/portfolio.360br.com.br\/associquim\/","logo":{"@type":"ImageObject","inLanguage":"pt-BR","@id":"https:\/\/portfolio.360br.com.br\/associquim\/#\/schema\/logo\/image\/","url":"https:\/\/portfolio.360br.com.br\/associquim\/wp-content\/uploads\/2025\/11\/logo-associquim.png","contentUrl":"https:\/\/portfolio.360br.com.br\/associquim\/wp-content\/uploads\/2025\/11\/logo-associquim.png","width":213,"height":94,"caption":"Associquim Sincoquim"},"image":{"@id":"https:\/\/portfolio.360br.com.br\/associquim\/#\/schema\/logo\/image\/"}}]}},"_links":{"self":[{"href":"https:\/\/portfolio.360br.com.br\/associquim\/wp-json\/wp\/v2\/pages\/350","targetHints":{"allow":["GET"]}}],"collection":[{"href":"https:\/\/portfolio.360br.com.br\/associquim\/wp-json\/wp\/v2\/pages"}],"about":[{"href":"https:\/\/portfolio.360br.com.br\/associquim\/wp-json\/wp\/v2\/types\/page"}],"author":[{"embeddable":true,"href":"https:\/\/portfolio.360br.com.br\/associquim\/wp-json\/wp\/v2\/users\/1"}],"replies":[{"embeddable":true,"href":"https:\/\/portfolio.360br.com.br\/associquim\/wp-json\/wp\/v2\/comments?post=350"}],"version-history":[{"count":31,"href":"https:\/\/portfolio.360br.com.br\/associquim\/wp-json\/wp\/v2\/pages\/350\/revisions"}],"predecessor-version":[{"id":404,"href":"https:\/\/portfolio.360br.com.br\/associquim\/wp-json\/wp\/v2\/pages\/350\/revisions\/404"}],"wp:attachment":[{"href":"https:\/\/portfolio.360br.com.br\/associquim\/wp-json\/wp\/v2\/media?parent=350"}],"curies":[{"name":"wp","href":"https:\/\/api.w.org\/{rel}","templated":true}]}}